{"id":1286,"date":"2021-08-17T16:27:17","date_gmt":"2021-08-17T13:27:17","guid":{"rendered":"https:\/\/taff.fi\/?page_id=1286"},"modified":"2021-08-24T12:37:34","modified_gmt":"2021-08-24T09:37:34","slug":"dokumentit","status":"publish","type":"page","link":"https:\/\/taff.fi\/fi\/naytokset-muu-ohjelma\/dokumentit\/","title":{"rendered":"Dokumenttielokuvien Panorama"},"content":{"rendered":"<h1>Dokumentti-elokuvien Panorama<\/h1>\n<p>Animaatiodokkareiden parhaimmistoa jaettuna kahteen eri n\u00e4yt\u00f6kseen. Kurkista laajaan skaalaan mit\u00e4 erilaisempia aihepiirej\u00e4 ihmissuhteista historiallisiin sattumuksiin, yhteiskunnallisista teemoista pienen ihmisen tarinaan.<\/p>\n<h3><a href=\"https:\/\/taff.fi\/fi\/show\/dokumenttielokuvien-panorama-1\/\" target=\"_blank\" rel=\"noopener\">Dokumenttielokuvien Panorama 1\u00a0<\/a><\/h3>\n<h3><a href=\"https:\/\/taff.fi\/fi\/show\/dokumenttielokuvien-panorama-2\/\" target=\"_blank\" rel=\"noopener\">Dokumenttielokuvien Panorama 2<\/a><\/h3>\n","protected":false},"excerpt":{"rendered":"<p>Dokumentti-elokuvien Panorama Animaatiodokkareiden parhaimmistoa jaettuna kahteen eri n\u00e4yt\u00f6kseen. Kurkista laajaan skaalaan mit\u00e4 erilaisempia aihepiirej\u00e4 ihmissuhteista historiallisiin sattumuksiin, yhteiskunnallisista teemoista pienen ihmisen tarinaan. Dokumenttielokuvien Panorama 1\u00a0 [&hellip;]<\/p>\n","protected":false},"author":1,"featured_media":2005,"parent":250,"menu_order":0,"comment_status":"closed","ping_status":"closed","template":"","meta":{"_acf_changed":false,"footnotes":""},"class_list":["post-1286","page","type-page","status-publish","has-post-thumbnail","hentry"],"acf":[],"_links":{"self":[{"href":"https:\/\/taff.fi\/fi\/wp-json\/wp\/v2\/pages\/1286","targetHints":{"allow":["GET"]}}],"collection":[{"href":"https:\/\/taff.fi\/fi\/wp-json\/wp\/v2\/pages"}],"about":[{"href":"https:\/\/taff.fi\/fi\/wp-json\/wp\/v2\/types\/page"}],"author":[{"embeddable":true,"href":"https:\/\/taff.fi\/fi\/wp-json\/wp\/v2\/users\/1"}],"replies":[{"embeddable":true,"href":"https:\/\/taff.fi\/fi\/wp-json\/wp\/v2\/comments?post=1286"}],"version-history":[{"count":9,"href":"https:\/\/taff.fi\/fi\/wp-json\/wp\/v2\/pages\/1286\/revisions"}],"predecessor-version":[{"id":1535,"href":"https:\/\/taff.fi\/fi\/wp-json\/wp\/v2\/pages\/1286\/revisions\/1535"}],"up":[{"embeddable":true,"href":"https:\/\/taff.fi\/fi\/wp-json\/wp\/v2\/pages\/250"}],"wp:featuredmedia":[{"embeddable":true,"href":"https:\/\/taff.fi\/fi\/wp-json\/wp\/v2\/media\/2005"}],"wp:attachment":[{"href":"https:\/\/taff.fi\/fi\/wp-json\/wp\/v2\/media?parent=1286"}],"curies":[{"name":"wp","href":"https:\/\/api.w.org\/{rel}","templated":true}]}}