{"id":1319,"date":"2021-08-19T15:04:20","date_gmt":"2021-08-19T12:04:20","guid":{"rendered":"https:\/\/taff.fi\/?page_id=1319"},"modified":"2021-08-24T11:59:52","modified_gmt":"2021-08-24T08:59:52","slug":"junior","status":"publish","type":"page","link":"https:\/\/taff.fi\/fi\/naytokset-muu-ohjelma\/junior\/","title":{"rendered":"Junior"},"content":{"rendered":"<h1>Junior<\/h1>\n<p>Animaatioel\u00e4mykset odottavat pieni\u00e4 katsojia! Lapsille (ja ihan yht\u00e4 lailla aikuisille!) sopivat n\u00e4yt\u00f6skokonaisuudet on jaettu kolmeen eri kokonaisuuteen ik\u00e4tason mukaan. V\u00e4rikk\u00e4\u00e4t, monilla eri tekniikoilla toteutetut tarinat viev\u00e4t huikeille matkoille mit\u00e4 erilaisempiin maailmoihin. Siin\u00e4 sivussa opitaan ehk\u00e4 muutama arvokas opetus. Seikkailu animaation ihanaan maailmaan voi alkaa! Klikkaa linkkej\u00e4 alla:<\/p>\n<h3><a href=\"https:\/\/taff.fi\/fi\/show\/junior-4\/\" target=\"_blank\" rel=\"noopener\">4+<\/a><br \/>\n<a href=\"https:\/\/taff.fi\/fi\/show\/junior-7\/\" target=\"_blank\" rel=\"noopener\">7+<\/a><br \/>\n<a href=\"https:\/\/taff.fi\/fi\/show\/junior-12\/\" target=\"_blank\" rel=\"noopener\">12+<\/a><\/h3>\n","protected":false},"excerpt":{"rendered":"<p>Junior Animaatioel\u00e4mykset odottavat pieni\u00e4 katsojia! Lapsille (ja ihan yht\u00e4 lailla aikuisille!) sopivat n\u00e4yt\u00f6skokonaisuudet on jaettu kolmeen eri kokonaisuuteen ik\u00e4tason mukaan. V\u00e4rikk\u00e4\u00e4t, monilla eri tekniikoilla toteutetut [&hellip;]<\/p>\n","protected":false},"author":1,"featured_media":2005,"parent":250,"menu_order":0,"comment_status":"closed","ping_status":"closed","template":"","meta":{"_acf_changed":false,"footnotes":""},"class_list":["post-1319","page","type-page","status-publish","has-post-thumbnail","hentry"],"acf":[],"_links":{"self":[{"href":"https:\/\/taff.fi\/fi\/wp-json\/wp\/v2\/pages\/1319","targetHints":{"allow":["GET"]}}],"collection":[{"href":"https:\/\/taff.fi\/fi\/wp-json\/wp\/v2\/pages"}],"about":[{"href":"https:\/\/taff.fi\/fi\/wp-json\/wp\/v2\/types\/page"}],"author":[{"embeddable":true,"href":"https:\/\/taff.fi\/fi\/wp-json\/wp\/v2\/users\/1"}],"replies":[{"embeddable":true,"href":"https:\/\/taff.fi\/fi\/wp-json\/wp\/v2\/comments?post=1319"}],"version-history":[{"count":8,"href":"https:\/\/taff.fi\/fi\/wp-json\/wp\/v2\/pages\/1319\/revisions"}],"predecessor-version":[{"id":2752,"href":"https:\/\/taff.fi\/fi\/wp-json\/wp\/v2\/pages\/1319\/revisions\/2752"}],"up":[{"embeddable":true,"href":"https:\/\/taff.fi\/fi\/wp-json\/wp\/v2\/pages\/250"}],"wp:featuredmedia":[{"embeddable":true,"href":"https:\/\/taff.fi\/fi\/wp-json\/wp\/v2\/media\/2005"}],"wp:attachment":[{"href":"https:\/\/taff.fi\/fi\/wp-json\/wp\/v2\/media?parent=1319"}],"curies":[{"name":"wp","href":"https:\/\/api.w.org\/{rel}","templated":true}]}}