{"id":240,"date":"2021-06-04T14:04:51","date_gmt":"2021-06-04T11:04:51","guid":{"rendered":"https:\/\/taff.fi\/2021\/?page_id=240"},"modified":"2025-08-11T17:29:36","modified_gmt":"2025-08-11T14:29:36","slug":"about","status":"publish","type":"page","link":"https:\/\/taff.fi\/fi\/about\/","title":{"rendered":"Festivaalista"},"content":{"rendered":"<h1>TAFFista<\/h1>\n<p><span style=\"font-weight: 400;\">TAFF on lyhytanimaation juhlaa! T\u00e4n\u00e4 vuonna meill\u00e4 on erityinen syy juhlia: festivaali t\u00e4ytt\u00e4\u00e4 10 vuotta. Elokuussa 2016 debytoinut Turku Animated Film Festival on Suomen nuorin ja hurmaavin kansainv\u00e4linen animaatioelokuvafestivaali, joka juhlistaa animaation taidetta ja luovaa mielt\u00e4. TAFF on perustettu edist\u00e4m\u00e4\u00e4n animaatioelokuvakulttuuria sek\u00e4 Suomessa ett\u00e4 kansainv\u00e4lisesti.<\/span> <span style=\"font-weight: 400;\">Tuomme Suomeen ennakkoluulotonta ja kokeilevaa animaatiotaidetta ja sen tekij\u00f6it\u00e4. Kutsumme osallistumaan taiteilijoita, joilla on n\u00e4kemyksi\u00e4 tulevaisuuteen ja kyky kertoa niist\u00e4.<\/span><\/p>\n<p><span style=\"font-weight: 400;\">T\u00e4m\u00e4n vuoden teemana on <em>tulevaisuus<\/em> \u2013 millainen voima taiteella on muokata tulevaa, ottaa osaa jatkuvaan muutokseen ymp\u00e4rill\u00e4mme. Animaatio tarjoaa meille uusia tapoja unelmoida, kyseenalaistaa ja rakentaa yhdess\u00e4 parempaa tulevaisuutta.<\/span><\/p>\n<p><span style=\"font-weight: 400;\">TAFF toimii inspiroivana kohtaamispaikkana niin elokuvantekij\u00f6ille, alan ammattilaisille kuin paikallisille animaatioelokuvan yst\u00e4ville. Laajennamme elokuvan\u00e4yt\u00f6ksen konseptia saattamalla yhteen elokuvataidetta sek\u00e4 muita luovuuden muotoja &#8211; t\u00e4n\u00e4 vuonna olemme kutsunee<\/span><span style=\"font-weight: 400;\">t kuvataiteen ja mediataiteen tekij\u00f6it\u00e4 mukaan tutkimusmatkallemme.<\/span><\/p>\n<p><span style=\"font-weight: 400;\">Festivaalin kilpasarjat esittelev\u00e4t rohkean omaper\u00e4isi\u00e4, tinkim\u00e4tt\u00f6mi\u00e4 ja kekseli\u00e4it\u00e4 alle 30 minuutin mittaisia animaatioelokuvia. Kilpasarjojen lis\u00e4ksi festivaalin ohjelmisto koostuu huolella kuratoiduista teeman\u00e4yt\u00f6ksist\u00e4 ja valikoidusta oheisohjelmasta.<\/span><\/p>\n<p><span style=\"font-weight: 400;\"><strong>TAFF j\u00e4rjestet\u00e4\u00e4n kymmenett\u00e4 kertaa Suomen animaatiop\u00e4\u00e4kaupungissa Turussa j\u00e4lleen 20.\u201324.8.2025.<\/strong> Toivotamme uudet ja vanhat animaation yst\u00e4v\u00e4t tervetulleiksi nauttimaan kymmenist\u00e4 n\u00e4yt\u00f6ksist\u00e4 ja muista tapahtumista!<\/span><\/p>\n<h2>Ty\u00f6ryhm\u00e4<\/h2>\n<p>Festivaalia ja TAFF Prota j\u00e4rjest\u00e4\u00e4 voittoa tavoittelematon yhdistys Turun elokuvatapahtumat ry. TAFFin ydinty\u00f6ryhm\u00e4 muodostuu lyhyt- ja animaatioelokuvan sek\u00e4 tapahtumatuotannon ammattilaisista, jotka suhtautuvat lyhytanimaatioon sek\u00e4 elokuvakulttuurin edist\u00e4miseen intohimoisesti.<\/p>\n<p><strong>Taiteellinen johtaja<br \/>\n<\/strong>Joni M\u00e4nnist\u00f6<\/p>\n<p><strong>Festivaalijohtaja<br \/>\n<\/strong>Annika Dahlsten<\/p>\n<p><strong>Postiosoite:<br \/>\n<\/strong>Turku Animated Film Festival<br \/>\nTurun Elokuvatapahtumat ry.<br \/>\nToijaistentie 15, 20900 Turku<\/p>\n<h2>Vaikuttavuus<\/h2>\n<p><span style=\"font-weight: 400;\">TAFF toimii p\u00e4\u00e4m\u00e4\u00e4r\u00e4tietoisesti taiteen ja taiteilijoiden ty\u00f6n edist\u00e4miseksi. Nostamme esiin kotimaisia tekij\u00f6it\u00e4 niin ohjelmiston kuin tapahtumien kautta. Olemme alusta asti olleet vahvasti kansainv\u00e4linen festivaali ja tehneet ty\u00f6t\u00e4 sek\u00e4 suomalaisen animaation tunnetuksi tekemiseksi ulkomailla, ett\u00e4 kansainv\u00e4lisen animaatiotaiteen esitt\u00e4miseksi Suomessa. Olemme onnistuneesti kasvattaneet vuorovaikutusta muiden taiteenalojen kanssa, ja jatkamme t\u00e4t\u00e4 kehitt\u00e4misty\u00f6t\u00e4. Toiminnan vision k\u00e4rken\u00e4 on kuitenkin pit\u00e4\u00e4 aina taide, erityisesti animaatiotaide, etusijalla kaikessa toiminnassamme.\u00a0<\/span><\/p>\n<p><b>Festivaalin arvot<\/b><\/p>\n<p><span style=\"font-weight: 400;\">Festivaalimme arvoja ovat saavutettavuus, yhdenvertaisuus ja kunnioitus. Pyrimme ohjelmasis\u00e4ll\u00f6ill\u00e4 ja viestinn\u00e4n suunnittelulla edist\u00e4m\u00e4\u00e4n kansainv\u00e4lisyytt\u00e4, avoimuutta ja inklusiivisuutta \u2013 my\u00f6s paikallisen ei-ammattilaisyleis\u00f6n keskuudessa. Huomioimme aina monimuotoisuuden ohjelmistosuunnittelussa. Tavoitteemme on rohkaista kaikenlaisia ja kaikenlaisista l\u00e4ht\u00f6kohdista tulevia ihmisi\u00e4 tutustumaan animaation antoisaan maailmaan.\u00a0<\/span><\/p>\n<p><span style=\"font-weight: 400;\">Festivaalimme pyrkii omalta osaltaan my\u00f6s edist\u00e4m\u00e4\u00e4n tasa-arvoa. Varmistamme tarjottavien t\u00f6iden hakumenettelyn kautta, ett\u00e4 valitsemissamme elokuvissa on tasapainoinen suhde eri tekijyyksien v\u00e4lill\u00e4. Akkreditointij\u00e4rjestelm\u00e4mme on muutettu tunnistamaan moninaiset sukupuolet, ja huomioimme puhunnassamme sukupuolten moninaisuuden.\u00a0<\/span><\/p>\n<p><span style=\"font-weight: 400;\">TAFF on <\/span><span style=\"font-weight: 400;\"><span style=\"text-decoration: underline;\"><a href=\"https:\/\/taff.fi\/fi\/turku-animated-film-festival-on-apartheidista-vapaa-alue\/\" target=\"_blank\" rel=\"noopener\">Apartheidista vapaa alue (Apartheid Free Zone \u2013 AFZ)<\/a><\/span>. Sitoudumme kansainv\u00e4lisen BDS-liikkeen boikotteihin ja tuemme palestiinalaisten kamppailua vapauden, tasa-arvon ja ihmisoikeuksien puolesta.\u00a0<\/span><\/p>\n<p><b>Kest\u00e4v\u00e4 festivaali<\/b><\/p>\n<p><span style=\"font-weight: 400;\">Festivaalimme noudattaa kest\u00e4v\u00e4n kehityksen periaatteita ja pyrkii parantamaan k\u00e4yt\u00e4nt\u00f6j\u00e4\u00e4n vuosi vuodelta. Meille festivaalin\u00a0 suunnittelu tarkoittaa pitk\u00e4j\u00e4nteist\u00e4 ty\u00f6t\u00e4, jolla teemme ja tuemme suomalaista animaatiotaidetta.\u00a0<\/span><\/p>\n<p><span style=\"font-weight: 400;\">Kannamme my\u00f6s huolta ja vastuuta tapahtumiemme ymp\u00e4rist\u00f6yst\u00e4v\u00e4llisyydest\u00e4 sek\u00e4 tuotantojemme vaikutuksesta ilmastonmuutokseen. Tarjoamme 100% vegaanista ruokaa vieraillemme ja henkil\u00f6kunnallemme. Kierr\u00e4t\u00e4mme ja k\u00e4yt\u00e4mme kierr\u00e4tysmateriaaleja. Edist\u00e4mme liikkumista ilmastokest\u00e4vin tavoin.\u00a0<\/span><\/p>\n<p><span style=\"font-weight: 400;\">Teemme ty\u00f6t\u00e4 reilujen palkkausk\u00e4yt\u00e4nt\u00f6jen ja esityskorvausten edist\u00e4miseksi ja kehit\u00e4mme sosiaalisesti kest\u00e4vi\u00e4 palveluita. V\u00e4lt\u00e4mme taloudellisia riskej\u00e4. Tuotamme tapahtumat ja muut hankkeet niin, ett\u00e4 pystymme kehitt\u00e4m\u00e4\u00e4n ja kasvattamaan toimintaamme pitk\u00e4j\u00e4nteisesti ja kest\u00e4v\u00e4sti.<\/span><\/p>\n<h3>TAFFin kumppanit ja tukijat vuonna 2025<\/h3>\n<p><img fetchpriority=\"high\" decoding=\"async\" class=\"alignnone wp-image-8233 size-full\" src=\"https:\/\/taff.fi\/2021\/wp-content\/uploads\/Sponsorit_kumppanit_nettisivuille.jpeg\" alt=\"\" width=\"1920\" height=\"1080\" srcset=\"https:\/\/taff.fi\/2021\/wp-content\/uploads\/Sponsorit_kumppanit_nettisivuille.jpeg 1920w, https:\/\/taff.fi\/2021\/wp-content\/uploads\/Sponsorit_kumppanit_nettisivuille-960x540.jpeg 960w, https:\/\/taff.fi\/2021\/wp-content\/uploads\/Sponsorit_kumppanit_nettisivuille-768x432.jpeg 768w, https:\/\/taff.fi\/2021\/wp-content\/uploads\/Sponsorit_kumppanit_nettisivuille-1536x864.jpeg 1536w, https:\/\/taff.fi\/2021\/wp-content\/uploads\/Sponsorit_kumppanit_nettisivuille-1200x675.jpeg 1200w, https:\/\/taff.fi\/2021\/wp-content\/uploads\/Sponsorit_kumppanit_nettisivuille-600x338.jpeg 600w\" sizes=\"(max-width: 1920px) 100vw, 1920px\" \/><\/p>\n<p>&nbsp;<\/p>\n<p>&nbsp;<\/p>\n","protected":false},"excerpt":{"rendered":"<p>TAFFista TAFF on lyhytanimaation juhlaa! T\u00e4n\u00e4 vuonna meill\u00e4 on erityinen syy juhlia: festivaali t\u00e4ytt\u00e4\u00e4 10 vuotta. Elokuussa 2016 debytoinut Turku Animated Film Festival on Suomen [&hellip;]<\/p>\n","protected":false},"author":1,"featured_media":0,"parent":0,"menu_order":2,"comment_status":"closed","ping_status":"closed","template":"","meta":{"_acf_changed":false,"footnotes":""},"class_list":["post-240","page","type-page","status-publish","hentry"],"acf":[],"_links":{"self":[{"href":"https:\/\/taff.fi\/fi\/wp-json\/wp\/v2\/pages\/240","targetHints":{"allow":["GET"]}}],"collection":[{"href":"https:\/\/taff.fi\/fi\/wp-json\/wp\/v2\/pages"}],"about":[{"href":"https:\/\/taff.fi\/fi\/wp-json\/wp\/v2\/types\/page"}],"author":[{"embeddable":true,"href":"https:\/\/taff.fi\/fi\/wp-json\/wp\/v2\/users\/1"}],"replies":[{"embeddable":true,"href":"https:\/\/taff.fi\/fi\/wp-json\/wp\/v2\/comments?post=240"}],"version-history":[{"count":50,"href":"https:\/\/taff.fi\/fi\/wp-json\/wp\/v2\/pages\/240\/revisions"}],"predecessor-version":[{"id":9097,"href":"https:\/\/taff.fi\/fi\/wp-json\/wp\/v2\/pages\/240\/revisions\/9097"}],"wp:attachment":[{"href":"https:\/\/taff.fi\/fi\/wp-json\/wp\/v2\/media?parent=240"}],"curies":[{"name":"wp","href":"https:\/\/api.w.org\/{rel}","templated":true}]}}