{"id":255,"date":"2021-06-04T14:15:26","date_gmt":"2021-06-04T11:15:26","guid":{"rendered":"https:\/\/taff.fi\/2021\/?page_id=255"},"modified":"2021-08-24T12:33:57","modified_gmt":"2021-08-24T09:33:57","slug":"kansainvalinen-kilpailu","status":"publish","type":"page","link":"https:\/\/taff.fi\/fi\/naytokset-muu-ohjelma\/kansainvalinen-kilpailu\/","title":{"rendered":"Kansainv\u00e4linen kilpailu"},"content":{"rendered":"<h1>Kansainv\u00e4linen kilpailu<\/h1>\n<p>Parhaan kansainv\u00e4lisen lyhytanimaation palkinnosta kilpailevat elokuvat on jaettu seitsem\u00e4\u00e4n eri n\u00e4yt\u00f6kseen. N\u00e4yt\u00f6kset koostuvat elokuvista, jotka on ilmoitettu kilpailuun vuosina 2020 &amp; 2021.<\/p>\n<h3><a href=\"https:\/\/taff.fi\/fi\/show\/kansainvalinen-kilpailu-1\/\" target=\"_blank\" rel=\"noopener\">Kansainv\u00e4linen kilpailu 1<\/a><\/h3>\n<h3><a href=\"https:\/\/taff.fi\/fi\/show\/kansainvalinen-kilpailu-2\/\" target=\"_blank\" rel=\"noopener\">Kansainv\u00e4linen kilpailu 2<\/a><\/h3>\n<h3><a href=\"https:\/\/taff.fi\/fi\/show\/kotimainen-kilpailu-3\/\" target=\"_blank\" rel=\"noopener\">Kansainv\u00e4linen kilpailu 3<\/a><\/h3>\n<h3><a href=\"https:\/\/taff.fi\/fi\/show\/kansainvalinen-kilpailu-4\/\" target=\"_blank\" rel=\"noopener\">Kansainv\u00e4linen kilpailu 4<\/a><\/h3>\n<h3><a href=\"https:\/\/taff.fi\/fi\/show\/kansainvalinen-kilpailu-5\/\" target=\"_blank\" rel=\"noopener\">Kansainv\u00e4linen kilpailu 5<\/a><\/h3>\n<h3><a href=\"https:\/\/taff.fi\/fi\/show\/kansainvalinen-kilpailu-6\/\" target=\"_blank\" rel=\"noopener\">Kansainv\u00e4linen kilpailu 6<\/a><\/h3>\n<h3><a href=\"https:\/\/taff.fi\/fi\/show\/kansainvalinen-kilpailu-7\/\" target=\"_blank\" rel=\"noopener\">Kansainv\u00e4linen kilpailu 7<\/a><\/h3>\n","protected":false},"excerpt":{"rendered":"<p>Kansainv\u00e4linen kilpailu Parhaan kansainv\u00e4lisen lyhytanimaation palkinnosta kilpailevat elokuvat on jaettu seitsem\u00e4\u00e4n eri n\u00e4yt\u00f6kseen. N\u00e4yt\u00f6kset koostuvat elokuvista, jotka on ilmoitettu kilpailuun vuosina 2020 &amp; 2021. Kansainv\u00e4linen [&hellip;]<\/p>\n","protected":false},"author":1,"featured_media":2005,"parent":250,"menu_order":1,"comment_status":"closed","ping_status":"closed","template":"","meta":{"_acf_changed":false,"footnotes":""},"class_list":["post-255","page","type-page","status-publish","has-post-thumbnail","hentry"],"acf":[],"_links":{"self":[{"href":"https:\/\/taff.fi\/fi\/wp-json\/wp\/v2\/pages\/255","targetHints":{"allow":["GET"]}}],"collection":[{"href":"https:\/\/taff.fi\/fi\/wp-json\/wp\/v2\/pages"}],"about":[{"href":"https:\/\/taff.fi\/fi\/wp-json\/wp\/v2\/types\/page"}],"author":[{"embeddable":true,"href":"https:\/\/taff.fi\/fi\/wp-json\/wp\/v2\/users\/1"}],"replies":[{"embeddable":true,"href":"https:\/\/taff.fi\/fi\/wp-json\/wp\/v2\/comments?post=255"}],"version-history":[{"count":9,"href":"https:\/\/taff.fi\/fi\/wp-json\/wp\/v2\/pages\/255\/revisions"}],"predecessor-version":[{"id":1532,"href":"https:\/\/taff.fi\/fi\/wp-json\/wp\/v2\/pages\/255\/revisions\/1532"}],"up":[{"embeddable":true,"href":"https:\/\/taff.fi\/fi\/wp-json\/wp\/v2\/pages\/250"}],"wp:featuredmedia":[{"embeddable":true,"href":"https:\/\/taff.fi\/fi\/wp-json\/wp\/v2\/media\/2005"}],"wp:attachment":[{"href":"https:\/\/taff.fi\/fi\/wp-json\/wp\/v2\/media?parent=255"}],"curies":[{"name":"wp","href":"https:\/\/api.w.org\/{rel}","templated":true}]}}