{"id":260,"date":"2021-06-04T14:22:45","date_gmt":"2021-06-04T11:22:45","guid":{"rendered":"https:\/\/taff.fi\/2021\/?page_id=260"},"modified":"2026-01-29T12:00:04","modified_gmt":"2026-01-29T10:00:04","slug":"ammattilaisille","status":"publish","type":"page","link":"https:\/\/taff.fi\/fi\/ammattilaisille\/","title":{"rendered":"Ammattilaisille"},"content":{"rendered":"<h2>TAFF ammattilaisille<\/h2>\n<p>TAFF j\u00e4rjestet\u00e4\u00e4n yhdennentoista kertaa Suomen animaatiop\u00e4\u00e4kaupungissa Turussa elokuussa 2026. Kaikki animaation, elokuvan ja muiden taidealojen ammattilaiset ja opiskelijat voivat hakea akkreditointia festivaalille. Akkreditoidut voivat ostaa festivaalipassinsa alennettuun hintaan. Passi tulee ostaa paikan p\u00e4\u00e4lt\u00e4 festivaalin lippupisteelt\u00e4, jossa akkreditointistatus tarkastetaan. Akkreditointipassi oikeuttaa sis\u00e4\u00e4np\u00e4\u00e4syn festivaalin kaikkiin n\u00e4yt\u00f6ksiin.<\/p>\n<p>Akkreditointilinkki ja Akreditointipassin hinta julkaistaan my\u00f6hemmin<\/p>\n<h4><strong>TAFF PRO 2025: Tulevaisuus ja taide<br \/>\n21.\u201322.8.2025<\/strong><\/h4>\n<p><span style=\"font-weight: 400;\">TAFF Pro kokoaa yhteen suomalaisia ja kansainv\u00e4lisi\u00e4 animaatiotaiteilijoita. Ohjelma koostuu puheenvuoroista, esitelmist\u00e4 ja paneeleista sek\u00e4 elokuvan\u00e4yt\u00f6ksist\u00e4. <\/span><span style=\"font-weight: 400;\">TAFF Pro pyrkii edist\u00e4m\u00e4\u00e4n animaatioalan elinvoimaisuutta sek\u00e4 tarjoamaan uusia ideoita ja kontakteja alan toimijoille ja opiskelijoille.<\/span><\/p>\n<p><span style=\"font-weight: 400;\">T\u00e4n\u00e4 vuonna TAFF Pro keskittyy animaation tulevaisuuteen ja kuvataiteeseen. Festivaaleille on kutsuttu erityisesti mediataiteen tekij\u00f6it\u00e4, joilla on tiivis suhde animaatioon, tai tekij\u00f6it\u00e4, jotka haastavat taiteellista ilmaisua eri teknologioin. Torstaina turkulainen studio <\/span><b>Pyjama Films <\/b><span style=\"font-weight: 400;\">esittelee Belzebubs-sarjakuviin pohjautuvan animaatiosarjan tekemist\u00e4 ja avaa, millaista on tehd\u00e4 kansainv\u00e4liseen levitykseen menev\u00e4\u00e4 animaatiota. Mediataiteilija <\/span><b>Jukka Hautam\u00e4ki <\/b><span style=\"font-weight: 400;\">puhuu teko\u00e4lyst\u00e4 taiteen ty\u00f6kaluna, ja sen eettisist\u00e4 haasteista. <\/span><b>Filmverkstaden ry<\/b><span style=\"font-weight: 400;\"> esitt\u00e4\u00e4 analogisen elokuvataiteen luennon, joka pohtii mennytt\u00e4 ja tulevaa performatiiviisin keinoin. Torstain TAFF Pro osuuden p\u00e4\u00e4tt\u00e4\u00e4 <\/span><b>MUU ry<\/b><span style=\"font-weight: 400;\">:n kuratoima VR-taiteen n\u00e4yttely <em>Luonnon tilat \u2013 Virtuaalisia kokeiluja<\/em> Taiteen talon Mediastudiossa. Samalla voi tutustua kuvataiteilija <\/span><b>Juhana Moisanderin<\/b><span style=\"font-weight: 400;\"> n\u00e4yttelyyn <em>SERMON <\/em>Galleria Askissa, Taiteen talossa.<\/span><\/p>\n<p><span style=\"font-weight: 400;\">Perjantaina TAFF Pro syvent\u00e4\u00e4 teemaa t\u00e4m\u00e4n vuoden TAFF juryn j\u00e4senen, ohjaaja <\/span><b>Michaela M\u00fcllerin<\/b><span style=\"font-weight: 400;\"> kokeellisen animaation luennolla. VR-animaatioon erikoistunut ohjaaja <\/span><b>Leena J\u00e4\u00e4skel\u00e4inen<\/b><span style=\"font-weight: 400;\"> esittelee teoksiaan ja avaa VR-teknologiaa animaatiossa. Ohjaaja <\/span><b>Mika Koskisen<\/b><span style=\"font-weight: 400;\"> moderoima paneelikeskustelu, johon Leena J\u00e4\u00e4skel\u00e4isen lis\u00e4ksi osallistuvat my\u00f6s kuvataiteilija <\/span><b>Vappu Rossi<\/b><span style=\"font-weight: 400;\"> ja animaatio-ohjaaja\u00a0<\/span><b>Eesu Lehtola, <\/b><span style=\"font-weight: 400;\">pohtii animaatiotaiteen erilaisia tekijyyksi\u00e4. TAFF Pro:n p\u00e4\u00e4tt\u00e4\u00e4 klassinen <\/span><i><span style=\"font-weight: 400;\">TAFF Pro<\/span><\/i><span style=\"font-weight: 400;\"> -erikoisn\u00e4yt\u00f6s.<\/span><span style=\"font-weight: 400;\">\u00a0\u00a0<\/span><\/p>\n<h4 style=\"font-weight: 400;\"><strong>Ohjelma<\/strong><\/h4>\n<p style=\"font-weight: 400;\"><span style=\"text-decoration: underline;\">Torstai 21.8.2025<\/span><\/p>\n<p style=\"font-weight: 400;\">Manilla<\/p>\n<p style=\"font-weight: 400;\"><strong>11:00 \u2013 11: 10<\/strong> Annika Dahlstenin avauspuheenvuoro<\/p>\n<p style=\"font-weight: 400;\"><strong>11:10 \u2013 11:50<\/strong>\u00a0 Pyjama Films: Making of Belzebubs<\/p>\n<p style=\"font-weight: 400;\"><strong>12:05 \u2013 12:45<\/strong>\u00a0 Jukka Hautam\u00e4ki: Syntaktista noituutta datan syvyyksist\u00e4<\/p>\n<p style=\"font-weight: 400;\"><strong>12:45 \u2013 14:00<\/strong> Lounastauko (omakustanteinen)<\/p>\n<p style=\"font-weight: 400;\"><strong>14:00 \u2013 15:30<\/strong> Filmverkstaden: Fragmented Light: Cinema Expanded<\/p>\n<p style=\"font-weight: 400;\">Taiteen talo<\/p>\n<p style=\"font-weight: 400;\"><strong>17:00 \u2013 19:00<\/strong> N\u00e4yttelyn avajaiset: MUU @ TAFF: Luonnon tilat \u2013 Virtuaalisia kokeiluja. Soile Mottisenkangas, Juha Mustonen (Dos Robots), Pauliina Salminen, Reetta Neittaanm\u00e4ki ja Kaisa Penttil\u00e4 (Ambulance).<\/p>\n<p style=\"font-weight: 400;\"><span style=\"text-decoration: underline;\">Perjantai 22.8.2024<\/span><\/p>\n<p><span style=\"font-weight: 400;\">Manilla<\/span><\/p>\n<p style=\"font-weight: 400;\"><strong>11:00 \u2013 12:30<\/strong> Michaela M\u00fcller: Eliminating the Stop in Stop Motion \u2013 Animation in a live Performance Setting<\/p>\n<p style=\"font-weight: 400;\"><strong>12:30 \u2013 14:00<\/strong> Lounastauko (omakustanteinen)<\/p>\n<p style=\"font-weight: 400;\"><strong>14:00 \u2013 15:30<\/strong> Leena J\u00e4\u00e4skel\u00e4inen: Tarina vailla loppua, keskikohtaa ja alkua &#8211; kerronta virtuaalitodellisuudessa<\/p>\n<p style=\"font-weight: 400;\"><strong>16:00 \u2013 17:00<\/strong> Paneelikeskustelu: Leena J\u00e4\u00e4skel\u00e4inen, Vappu Rossi, Eesu Lehtola. Moderaattori: Mika Koskinen<\/p>\n<p style=\"font-weight: 400;\"><strong>18:00 \u2013 20:00<\/strong> TAFF Pro -n\u00e4yt\u00f6s<\/p>\n<h4 class=\"wp-block-heading\"><strong>TUTUSTU VIERAISIIMME<\/strong><\/h4>\n<figure class=\"wp-block-image size-full is-resized\"><img fetchpriority=\"high\" decoding=\"async\" class=\"aligncenter wp-image-8899 size-full\" src=\"https:\/\/taff.fi\/2021\/wp-content\/uploads\/2-1.png\" sizes=\"(max-width: 1080px) 100vw, 1080px\" srcset=\"https:\/\/taff.fi\/2021\/wp-content\/uploads\/2-1.png 1080w, https:\/\/taff.fi\/2021\/wp-content\/uploads\/2-1-540x540.png 540w, https:\/\/taff.fi\/2021\/wp-content\/uploads\/2-1-768x768.png 768w, https:\/\/taff.fi\/2021\/wp-content\/uploads\/2-1-450x450.png 450w, https:\/\/taff.fi\/2021\/wp-content\/uploads\/2-1-600x600.png 600w, https:\/\/taff.fi\/2021\/wp-content\/uploads\/2-1-100x100.png 100w\" alt=\"\" width=\"1080\" height=\"1080\" \/><\/figure>\n<p><strong>Jukka Hautam\u00e4ki, Media- ja \u00e4\u00e4nitaiteilija, kouluttaja\u00a0<\/strong><\/p>\n<p>Mediataiteilija Jukka Hautam\u00e4ki esittelee luennollaan <em><a href=\"https:\/\/taff.fi\/show\/taff-pro-jukka-hautamaki\/\" target=\"_blank\" rel=\"noreferrer noopener\" data-type=\"link\" data-id=\"https:\/\/taff.fi\/show\/taff-pro-jukka-hautamaki\/\">Syntaktista noituutta datan syvyyksist\u00e4<\/a><\/em> teko\u00e4ly\u00e4 kuvataiteen ty\u00f6kaluna ja pohtii sen eettisi\u00e4 haasteita.<\/p>\n<figure class=\"wp-block-image size-full is-resized\"><img decoding=\"async\" class=\"wp-image-8901 alignnone\" src=\"https:\/\/taff.fi\/2021\/wp-content\/uploads\/8.png\" sizes=\"(max-width: 1080px) 100vw, 1080px\" srcset=\"https:\/\/taff.fi\/2021\/wp-content\/uploads\/8.png 1080w, https:\/\/taff.fi\/2021\/wp-content\/uploads\/8-540x540.png 540w, https:\/\/taff.fi\/2021\/wp-content\/uploads\/8-768x768.png 768w, https:\/\/taff.fi\/2021\/wp-content\/uploads\/8-450x450.png 450w, https:\/\/taff.fi\/2021\/wp-content\/uploads\/8-600x600.png 600w, https:\/\/taff.fi\/2021\/wp-content\/uploads\/8-100x100.png 100w\" alt=\"\" width=\"1080\" height=\"1080\" \/><\/figure>\n<p><strong>Mika Koskinen, animaatio-ohjaaja ja tuottaja\u00a0<\/strong><\/p>\n<p>Animaatio-ohjaaja ja tuottaja Mika Koskinen moderoi animaatiotaiteen erilaisia tekijyyksi\u00e4 pohdiskelevan <a href=\"https:\/\/taff.fi\/show\/taff-pro-panel-discussion\/\" target=\"_blank\" rel=\"noreferrer noopener\" data-type=\"link\" data-id=\"https:\/\/taff.fi\/show\/taff-pro-panel-discussion\/\">paneelikeskustelun<\/a>, johon osallistuvat my\u00f6s ohjaaja Leena J\u00e4\u00e4skel\u00e4inen, kuvataiteilija Vappu Rossi ja luova suunnittelija Eesu Lehtola.<\/p>\n<figure class=\"wp-block-image size-full is-resized\"><img decoding=\"async\" class=\"wp-image-8903\" src=\"https:\/\/taff.fi\/2021\/wp-content\/uploads\/1-2.png\" sizes=\"(max-width: 1080px) 100vw, 1080px\" srcset=\"https:\/\/taff.fi\/2021\/wp-content\/uploads\/1-2.png 1080w, https:\/\/taff.fi\/2021\/wp-content\/uploads\/1-2-540x540.png 540w, https:\/\/taff.fi\/2021\/wp-content\/uploads\/1-2-768x768.png 768w, https:\/\/taff.fi\/2021\/wp-content\/uploads\/1-2-450x450.png 450w, https:\/\/taff.fi\/2021\/wp-content\/uploads\/1-2-600x600.png 600w, https:\/\/taff.fi\/2021\/wp-content\/uploads\/1-2-100x100.png 100w\" alt=\"\" width=\"1080\" height=\"1080\" \/><\/figure>\n<p><strong>Michaela M\u00fcller, animaatiotaiteilija<\/strong><\/p>\n<p>T\u00e4m\u00e4n vuoden festivaalin tuomariston j\u00e4sen, kansainv\u00e4lisesti palkittu sveitsil\u00e4inen animaatiotaiteilija Michaela M\u00fcller, esitt\u00e4\u00e4 kokeilevaa animaatiota performatiivisella luennollaan <em><a href=\"https:\/\/taff.fi\/show\/taff-pro-michaela-muller\/\" target=\"_blank\" rel=\"noreferrer noopener\" data-type=\"link\" data-id=\"https:\/\/taff.fi\/show\/taff-pro-michaela-muller\/\">Eliminating the Stop in Stop Motion \u2013 Animation in a live Performance Setting<\/a><\/em>.<\/p>\n<figure class=\"wp-block-image size-full is-resized\"><img loading=\"lazy\" decoding=\"async\" class=\"wp-image-8905\" src=\"https:\/\/taff.fi\/2021\/wp-content\/uploads\/6.png\" sizes=\"(max-width: 1080px) 100vw, 1080px\" srcset=\"https:\/\/taff.fi\/2021\/wp-content\/uploads\/6.png 1080w, https:\/\/taff.fi\/2021\/wp-content\/uploads\/6-540x540.png 540w, https:\/\/taff.fi\/2021\/wp-content\/uploads\/6-768x768.png 768w, https:\/\/taff.fi\/2021\/wp-content\/uploads\/6-450x450.png 450w, https:\/\/taff.fi\/2021\/wp-content\/uploads\/6-600x600.png 600w, https:\/\/taff.fi\/2021\/wp-content\/uploads\/6-100x100.png 100w\" alt=\"\" width=\"1080\" height=\"1080\" \/><\/figure>\n<p><strong>Leena J\u00e4\u00e4skel\u00e4inen, ohjaaja<\/strong><\/p>\n<p>VR-animaatioon erikoistunut ohjaaja Leena J\u00e4\u00e4skel\u00e4inen esittelee VR-teknologian k\u00e4ytt\u00f6\u00e4 animaatiossa luennollaan <em><a href=\"https:\/\/taff.fi\/show\/taff-pro-leena-jaaskelainen\/\" target=\"_blank\" rel=\"noreferrer noopener\" data-type=\"link\" data-id=\"https:\/\/taff.fi\/show\/taff-pro-leena-jaaskelainen\/\">Tarina vailla loppua, keskikohtaa ja alkua \u2013 kerronta virtuaalitodellisuudessa<\/a><\/em>.<\/p>\n<figure class=\"wp-block-image size-full is-resized\"><img loading=\"lazy\" decoding=\"async\" class=\"wp-image-8907\" src=\"https:\/\/taff.fi\/2021\/wp-content\/uploads\/7.png\" sizes=\"(max-width: 1080px) 100vw, 1080px\" srcset=\"https:\/\/taff.fi\/2021\/wp-content\/uploads\/7.png 1080w, https:\/\/taff.fi\/2021\/wp-content\/uploads\/7-540x540.png 540w, https:\/\/taff.fi\/2021\/wp-content\/uploads\/7-768x768.png 768w, https:\/\/taff.fi\/2021\/wp-content\/uploads\/7-450x450.png 450w, https:\/\/taff.fi\/2021\/wp-content\/uploads\/7-600x600.png 600w, https:\/\/taff.fi\/2021\/wp-content\/uploads\/7-100x100.png 100w\" alt=\"\" width=\"1080\" height=\"1080\" \/><\/figure>\n<p><strong>Vappu Rossi, kuvataiteilija<\/strong><\/p>\n<p>Piirustuksen rajojen venytt\u00e4misest\u00e4 ja monialaisesta yhteisty\u00f6st\u00e4 eri taiteen- ja tieteenalojen kanssa tunnettu helsinkil\u00e4inen kuvataiteilija Vappu Rossi osallistuu perjantain <a href=\"https:\/\/taff.fi\/show\/taff-pro-panel-discussion\/\" target=\"_blank\" rel=\"noreferrer noopener\" data-type=\"link\" data-id=\"https:\/\/taff.fi\/show\/taff-pro-panel-discussion\/\">paneelikeskusteluun<\/a>.<\/p>\n<p>T\u00e4m\u00e4n vuoden TAFFin s\u00e4v\u00e4ytt\u00e4v\u00e4 festivaalitraileri ja visuaalinen ilme perustuvat Rossin teoksiin <em>El\u00e4m\u00e4n puu<\/em> &amp; <em>Generatio spontanea<\/em>. <a href=\"https:\/\/taff.fi\/fi\/taff-2025-ilme-ja-traileri-taiteilija-vappu-rossi\/\" target=\"_blank\" rel=\"noreferrer noopener\">Katso Rossin haastattelu TAFF 2025 -trailerista ja visuaalisesta ilmeest\u00e4 t\u00e4\u00e4lt\u00e4<\/a><a href=\"https:\/\/taff.fi\/fi\/ammattilaisille\/\" target=\"_blank\" rel=\"noreferrer noopener\" data-type=\"link\" data-id=\"https:\/\/taff.fi\/fi\/ammattilaisille\/\"> \u00bb<\/a><\/p>\n<figure class=\"wp-block-image size-full is-resized\"><img loading=\"lazy\" decoding=\"async\" class=\"wp-image-8912\" src=\"https:\/\/taff.fi\/2021\/wp-content\/uploads\/5-1.png\" sizes=\"(max-width: 1080px) 100vw, 1080px\" srcset=\"https:\/\/taff.fi\/2021\/wp-content\/uploads\/5-1.png 1080w, https:\/\/taff.fi\/2021\/wp-content\/uploads\/5-1-540x540.png 540w, https:\/\/taff.fi\/2021\/wp-content\/uploads\/5-1-768x768.png 768w, https:\/\/taff.fi\/2021\/wp-content\/uploads\/5-1-450x450.png 450w, https:\/\/taff.fi\/2021\/wp-content\/uploads\/5-1-600x600.png 600w, https:\/\/taff.fi\/2021\/wp-content\/uploads\/5-1-100x100.png 100w\" alt=\"\" width=\"1080\" height=\"1080\" \/><\/figure>\n<p><strong>Eesu Lehtola, animaattori, ohjaaja ja luova suunnittelija<\/strong><\/p>\n<p>Animaattori, ohjaaja sek\u00e4 luova suunnittelija Eesu Lehtola osallistuu animaatiotaiteen erilaisia tekijyyksi\u00e4 pohdiskelevaan <a href=\"https:\/\/taff.fi\/show\/taff-pro-panel-discussion\/\" target=\"_blank\" rel=\"noreferrer noopener\" data-type=\"link\" data-id=\"https:\/\/taff.fi\/show\/taff-pro-panel-discussion\/\">paneelikeskusteluun<\/a>, johon osallistuvat my\u00f6s Mika Koskinen, Leena J\u00e4\u00e4skel\u00e4inen ja Vappu Rossi.<\/p>\n<figure class=\"wp-block-gallery has-nested-images columns-default is-cropped wp-block-gallery-1 is-layout-flex wp-block-gallery-is-layout-flex\">\n<figure class=\"wp-block-image size-large is-resized\"><img loading=\"lazy\" decoding=\"async\" class=\"wp-image-8914\" src=\"https:\/\/taff.fi\/2021\/wp-content\/uploads\/3-2.png\" sizes=\"(max-width: 1080px) 100vw, 1080px\" srcset=\"https:\/\/taff.fi\/2021\/wp-content\/uploads\/3-2.png 1080w, https:\/\/taff.fi\/2021\/wp-content\/uploads\/3-2-540x540.png 540w, https:\/\/taff.fi\/2021\/wp-content\/uploads\/3-2-768x768.png 768w, https:\/\/taff.fi\/2021\/wp-content\/uploads\/3-2-450x450.png 450w, https:\/\/taff.fi\/2021\/wp-content\/uploads\/3-2-600x600.png 600w, https:\/\/taff.fi\/2021\/wp-content\/uploads\/3-2-100x100.png 100w\" alt=\"\" width=\"1080\" height=\"1080\" data-id=\"8914\" \/><\/figure>\n<figure class=\"wp-block-image size-large is-resized\"><img loading=\"lazy\" decoding=\"async\" class=\"wp-image-8918\" src=\"https:\/\/taff.fi\/2021\/wp-content\/uploads\/4-2.png\" sizes=\"(max-width: 1080px) 100vw, 1080px\" srcset=\"https:\/\/taff.fi\/2021\/wp-content\/uploads\/4-2.png 1080w, https:\/\/taff.fi\/2021\/wp-content\/uploads\/4-2-540x540.png 540w, https:\/\/taff.fi\/2021\/wp-content\/uploads\/4-2-768x768.png 768w, https:\/\/taff.fi\/2021\/wp-content\/uploads\/4-2-450x450.png 450w, https:\/\/taff.fi\/2021\/wp-content\/uploads\/4-2-600x600.png 600w, https:\/\/taff.fi\/2021\/wp-content\/uploads\/4-2-100x100.png 100w\" alt=\"\" width=\"1080\" height=\"1080\" data-id=\"8918\" \/><\/figure>\n<\/figure>\n<p><strong>Britt Al-Busultan<\/strong> <strong>&amp;<\/strong> <strong>Natalia Koziel-Kalliom\u00e4ki, Filmverkstaden ry<\/strong><\/p>\n<p>Filmverkstaden ry esitt\u00e4\u00e4 Britt Al-Busultanin ja Natalia Koziel-Kalliom\u00e4en <a href=\"https:\/\/taff.fi\/show\/taff-pro-filmverkstaden\/\" target=\"_blank\" rel=\"noreferrer noopener\" data-type=\"link\" data-id=\"https:\/\/taff.fi\/show\/taff-pro-filmverkstaden\/\">performatiivisen luennon <em>Fragmented Light: Cinema Expanded<\/em><\/a> laajennetusta elokuvasta. Luennolla n\u00e4hd\u00e4\u00e4n kaksi esityst\u00e4, Koziel-Kalliom\u00e4en WARM DATA ja Al-Busultanin <em>what comes around goes around<\/em>.<\/p>\n<figure class=\"wp-block-image size-full is-resized\"><img loading=\"lazy\" decoding=\"async\" class=\"wp-image-8937\" src=\"https:\/\/taff.fi\/2021\/wp-content\/uploads\/kukkonen.png\" sizes=\"(max-width: 1080px) 100vw, 1080px\" srcset=\"https:\/\/taff.fi\/2021\/wp-content\/uploads\/kukkonen.png 1080w, https:\/\/taff.fi\/2021\/wp-content\/uploads\/kukkonen-540x540.png 540w, https:\/\/taff.fi\/2021\/wp-content\/uploads\/kukkonen-768x768.png 768w, https:\/\/taff.fi\/2021\/wp-content\/uploads\/kukkonen-450x450.png 450w, https:\/\/taff.fi\/2021\/wp-content\/uploads\/kukkonen-600x600.png 600w, https:\/\/taff.fi\/2021\/wp-content\/uploads\/kukkonen-100x100.png 100w\" alt=\"\" width=\"1080\" height=\"1080\" \/><\/figure>\n<p><strong>Samppa Kukkonen, ohjaaja, Pyjama Films <\/strong><\/p>\n<p>Belzebubs-animaatiosarjan ohjaaja Samppa Kukkonen Pyjama Filmsilt\u00e4 esittelee <a href=\"https:\/\/taff.fi\/show\/taff-pro-pyjama-films\/\" data-type=\"link\" data-id=\"https:\/\/taff.fi\/show\/taff-pro-pyjama-films\/\">luennollaan<\/a> sarjakuviin pohjautuvan animaatiosarjan tekemist\u00e4 ja avaa, millaista on tehd\u00e4 animaatiota kansainv\u00e4liseen levitykseen.<\/p>\n<p><strong>10. TAFF<\/strong><\/p>\n<p><em><span style=\"font-weight: 400;\">TAFF j\u00e4rjestet\u00e4\u00e4n maineikkaan Turun taideakatemian kotikaupungissa. Tapahtumapaikkamme on Manillan kulttuuritehdas, kauniisti kunnostettu vanha tehdasmilj\u00f6\u00f6 Aurajoen rannalla, sek\u00e4 entinen tupakkatehdas, nykyinen Turun Taiteen talo, jossa sijaitsee my\u00f6s arthouse-elokuvateatteri Kino Kilta<span style=\"text-decoration: underline;\">. <\/span><\/span><\/em><em><span style=\"font-weight: 400;\">TAFFin j\u00e4rjest\u00e4\u00e4 voittoa tavoittelematon yhdistys Turun elokuvatapahtumat ry.<\/span><\/em><\/p>\n<p><strong>N\u00e4hd\u00e4\u00e4n Turussa!<\/strong><\/p>\n","protected":false},"excerpt":{"rendered":"<p>TAFF ammattilaisille TAFF j\u00e4rjestet\u00e4\u00e4n yhdennentoista kertaa Suomen animaatiop\u00e4\u00e4kaupungissa Turussa elokuussa 2026. Kaikki animaation, elokuvan ja muiden taidealojen ammattilaiset ja opiskelijat voivat hakea akkreditointia festivaalille. Akkreditoidut [&hellip;]<\/p>\n","protected":false},"author":1,"featured_media":0,"parent":0,"menu_order":5,"comment_status":"closed","ping_status":"closed","template":"","meta":{"_acf_changed":false,"footnotes":""},"class_list":["post-260","page","type-page","status-publish","hentry"],"acf":[],"_links":{"self":[{"href":"https:\/\/taff.fi\/fi\/wp-json\/wp\/v2\/pages\/260","targetHints":{"allow":["GET"]}}],"collection":[{"href":"https:\/\/taff.fi\/fi\/wp-json\/wp\/v2\/pages"}],"about":[{"href":"https:\/\/taff.fi\/fi\/wp-json\/wp\/v2\/types\/page"}],"author":[{"embeddable":true,"href":"https:\/\/taff.fi\/fi\/wp-json\/wp\/v2\/users\/1"}],"replies":[{"embeddable":true,"href":"https:\/\/taff.fi\/fi\/wp-json\/wp\/v2\/comments?post=260"}],"version-history":[{"count":121,"href":"https:\/\/taff.fi\/fi\/wp-json\/wp\/v2\/pages\/260\/revisions"}],"predecessor-version":[{"id":10053,"href":"https:\/\/taff.fi\/fi\/wp-json\/wp\/v2\/pages\/260\/revisions\/10053"}],"wp:attachment":[{"href":"https:\/\/taff.fi\/fi\/wp-json\/wp\/v2\/media?parent=260"}],"curies":[{"name":"wp","href":"https:\/\/api.w.org\/{rel}","templated":true}]}}