{"id":267,"date":"2021-06-04T14:25:47","date_gmt":"2021-06-04T11:25:47","guid":{"rendered":"https:\/\/taff.fi\/2021\/?page_id=267"},"modified":"2025-08-29T15:09:00","modified_gmt":"2025-08-29T12:09:00","slug":"medialle","status":"publish","type":"page","link":"https:\/\/taff.fi\/fi\/medialle\/","title":{"rendered":"Medialle"},"content":{"rendered":"<h1>Medialle<\/h1>\n<p>Mediakyselyiss\u00e4 ja lis\u00e4tiedoissa, ole yhteydess\u00e4:<\/p>\n<p>festivaalin tuottajaan: <span style=\"text-decoration: underline;\"><a href=\"mailto:&#97;&#110;to&#110;&#64;t&#97;&#102;f&#46;&#102;i.\">&#97;&#110;to&#110;&#64;t&#97;&#102;f&#46;&#102;i.<\/a><\/span><\/p>\n<p>festivaalin tiedottajaan: <span style=\"text-decoration: underline;\"><a href=\"mailto:&#101;&#108;&#105;&#97;&#115;&#64;&#116;a&#102;f&#46;f&#105;\">&#101;&#108;&#105;&#97;&#115;&#64;&#116;a&#102;f&#46;f&#105;<\/a><\/span><\/p>\n<h3><a href=\"https:\/\/taff.fi\/press-photos\/\" target=\"_blank\" rel=\"noopener\"><span style=\"text-decoration: underline; color: #008080;\">Valokuvapankki<\/span><\/a><\/h3>\n<h3><strong>Juttuja vuoden 2025 TAFFista:<\/strong><\/h3>\n<p><a href=\"https:\/\/suomenkuvalehti.fi\/kulttuuri\/animaatiotaiteen-parhaat-esilla-turussa\/\" target=\"_blank\" rel=\"noopener\">Suomen Kuvalehti: Animaatioaarteita (31.7.2025).<\/a><\/p>\n<p><a href=\"https:\/\/www.ts.fi\/kulttuuri\/6742042\" target=\"_blank\" rel=\"noopener\">Turun Sanomat: Animaattori ei p\u00e4\u00e4st\u00e4 katsojia helpolla, mutta y\u00f6k\u00f6tt\u00e4v\u00e4 elokuva voi silti olla visuaalisesti miellytt\u00e4v\u00e4 (20.8.2025).<\/a><\/p>\n<p><a href=\"https:\/\/www.abounderrattelser.fi\/artikel\/turku-animated-film-festival-firar-tio-ar-men-ar-den-for-konstig-for-sitt-eget-basta\/\" target=\"_blank\" rel=\"noopener\"> \u00c5bo Underr\u00e4ttelser (p\u00e5 svenska): Turku Animated Film Festival firar tio \u00e5r \u2013 men \u00e4r den f\u00f6r konstig f\u00f6r sitt eget b\u00e4sta? (19.8.2025).<\/a><\/p>\n<h3><strong>Tiedotteet<\/strong><\/h3>\n<p><a href=\"https:\/\/mailchi.mp\/e6a7e8757bf4\/taffin-juhlavuosi-kynnistyy-turussa?e=%5BUNIQID%5D\" target=\"_blank\" rel=\"noopener\">Kymmenen vuotta animaation taikaa: TAFFin juhlavuosi k\u00e4ynnistyy Turussa (14.8.2025)<\/a><\/p>\n<p><a href=\"https:\/\/mailchi.mp\/81ef60413bac\/eeuzgyxtg5-17992277?e=%5BUNIQID%5D\" target=\"_blank\" rel=\"noopener\">P\u00e5 svenska: Tio \u00e5r av animationsmagi: TAFF:s jubileums\u00e5r startar i \u00c5bo! (14.8.2025)<\/a><\/p>\n<p><a href=\"https:\/\/mailchi.mp\/fadcb2e86e09\/taff-10-vuotta-animaation-ja-mediataiteen-huiput-kokoontuvat-turkuun\" target=\"_blank\" rel=\"noopener\">TAFF 10 vuotta \u2013 animaation ja mediataiteen huiput kokoontuvat Turkuun! (23.6.2025)<\/a><\/p>\n<p>&nbsp;<\/p>\n<p><strong>Edelliset vuodet:<\/strong><\/p>\n<p><a href=\"https:\/\/mailchi.mp\/bbcc269cf844\/turku-animated-film-festival-kynnistyy-keskiviikkona-17984279?e=[UNIQID]\" target=\"_blank\" rel=\"noopener\">P\u00e5 svenska: Finlands animationshuvudstad sammanf\u00f6r proffs och animationsinteresserade under en fem dagar l\u00e5ng festival (14.8.2024)<\/a><\/p>\n<p><a href=\"https:\/\/mailchi.mp\/5273486c4ca3\/turku-animated-film-festival-kynnistyy-keskiviikkona-17984277?e=[UNIQID]\" target=\"_blank\" rel=\"noopener\">Suomen animaatiop\u00e4\u00e4kaupunki kokoaa alan tekij\u00e4t ja animaation yst\u00e4v\u00e4t viiden p\u00e4iv\u00e4n festivaalin ajaksi (14.8.2024)<\/a><\/p>\n<p><a href=\"https:\/\/mailchi.mp\/5600ebba46ce\/taffin-tmn-vuoden-ohjelma-on-julkaistu-mukana-runsaasti-animaation-kuningastekniikan-edustajia-ja-mielikuvituksellisia-helmi?e=[UNIQID]\" target=\"_blank\" rel=\"noopener\">TAFFin t\u00e4m\u00e4n vuoden ohjelma on julkaistu \u2013 mukana runsaasti animaation kuningastekniikan edustajia ja mielikuvituksellisia helmi\u00e4 (3.7.2024)<\/a><\/p>\n<p><a href=\"https:\/\/mailchi.mp\/91aa57932fd3\/animaatiotaiteen-suomalainen-krkinimi-saapuu-kesll-turkuun\" target=\"_blank\" rel=\"noopener\">Animaatiotaiteen k\u00e4rkinimi saapuu kes\u00e4ll\u00e4 Turkuun (29.5.2024)<\/a><\/p>\n<p><a href=\"https:\/\/mailchi.mp\/6e7ce1b99da0\/taff-pro-program-is-here-15088386\">TAFF Pro Games X Animation ohjelma on t\u00e4\u00e4ll\u00e4!<\/a><\/p>\n<p><a href=\"https:\/\/mailchi.mp\/7b1564a05cb2\/turku-animated-film-festivalin-kilpailuelokuvat-on-valittu\">Turku Animated Film Festivalin kilpailuelokuvat on valittu!<\/a><\/p>\n<p><a href=\"https:\/\/mailchi.mp\/df420a44cefc\/taff-pro-games-x-animation-program-is-here\">TAFF Pro Games X Animation program is here! <\/a>(englanti)<\/p>\n<p><a href=\"https:\/\/mailchi.mp\/d3507ec7fe16\/taff-official-selection-2023\">TAFF Official Selection 2023! <\/a>(englanti)<\/p>\n<p><a href=\"https:\/\/mailchi.mp\/12ed7754f519\/taff-pro-animaation-ja-sarjakuvan-ammattilaisille?e=[UNIQID]\">TAFF Pro animaation ja sarjakuvan ammattilaisille! (2022)<\/a><\/p>\n<p><a href=\"https:\/\/mailchi.mp\/36328fd210ec\/turku-animated-film-festivalin-kilpailuelokuvat-on-nyt-julkistettu\" target=\"_blank\" rel=\"noopener\">Turku Animated Film Festivalin Kilpailuelokuvat On Nyt Julkistettu! (2022)<\/a><\/p>\n<p><a href=\"https:\/\/mailchi.mp\/ddb29ca4d761\/official-selection-of-turku-animated-film-festival-2022\">Official Selection Of Turku Animated Film Festival 2022!<\/a> (englanti)<\/p>\n<p><a href=\"https:\/\/mailchi.mp\/a909a982a6fc\/official-selection-of-taff-2021?e=[UNIQID]\">Official Selection Of TAFF 2021!<\/a> (englanti)<\/p>\n<p><a href=\"https:\/\/mailchi.mp\/86bf95157643\/turku-animated-film-festivalin-kilpasarjojen-elokuvat-valittu?e=[UNIQID]\">Viidett\u00e4 kertaa elokuun lopulla j\u00e4rjestett\u00e4v\u00e4n Turku Animated Film Festivalin kilpasarjan elokuvat on valittu<\/a><\/p>\n<p class=\"null\"><a href=\"https:\/\/mailchi.mp\/713f74dcf29f\/vaft-ja-taff-tuovat-portaalin-turkuun?e=[UNIQID]\">Portaali \u2013 Videotaiteen ja animaation kotiinkuljetusta kulttuurinn\u00e4lk\u00e4isille<\/a><\/p>\n","protected":false},"excerpt":{"rendered":"<p>Medialle Mediakyselyiss\u00e4 ja lis\u00e4tiedoissa, ole yhteydess\u00e4: festivaalin tuottajaan: &#97;&#110;t&#111;n&#64;&#116;&#97;ff.&#102;i&#46; festivaalin tiedottajaan: eli&#97;s&#64;taff.&#102;&#105; Valokuvapankki Juttuja vuoden 2025 TAFFista: Suomen Kuvalehti: Animaatioaarteita (31.7.2025). Turun Sanomat: Animaattori ei [&hellip;]<\/p>\n","protected":false},"author":1,"featured_media":7393,"parent":0,"menu_order":6,"comment_status":"closed","ping_status":"closed","template":"","meta":{"_acf_changed":false,"footnotes":""},"class_list":["post-267","page","type-page","status-publish","has-post-thumbnail","hentry"],"acf":[],"_links":{"self":[{"href":"https:\/\/taff.fi\/fi\/wp-json\/wp\/v2\/pages\/267","targetHints":{"allow":["GET"]}}],"collection":[{"href":"https:\/\/taff.fi\/fi\/wp-json\/wp\/v2\/pages"}],"about":[{"href":"https:\/\/taff.fi\/fi\/wp-json\/wp\/v2\/types\/page"}],"author":[{"embeddable":true,"href":"https:\/\/taff.fi\/fi\/wp-json\/wp\/v2\/users\/1"}],"replies":[{"embeddable":true,"href":"https:\/\/taff.fi\/fi\/wp-json\/wp\/v2\/comments?post=267"}],"version-history":[{"count":44,"href":"https:\/\/taff.fi\/fi\/wp-json\/wp\/v2\/pages\/267\/revisions"}],"predecessor-version":[{"id":9952,"href":"https:\/\/taff.fi\/fi\/wp-json\/wp\/v2\/pages\/267\/revisions\/9952"}],"wp:featuredmedia":[{"embeddable":true,"href":"https:\/\/taff.fi\/fi\/wp-json\/wp\/v2\/media\/7393"}],"wp:attachment":[{"href":"https:\/\/taff.fi\/fi\/wp-json\/wp\/v2\/media?parent=267"}],"curies":[{"name":"wp","href":"https:\/\/api.w.org\/{rel}","templated":true}]}}