{"id":269,"date":"2021-06-04T14:26:57","date_gmt":"2021-06-04T11:26:57","guid":{"rendered":"https:\/\/taff.fi\/2021\/?page_id=269"},"modified":"2026-05-01T15:52:14","modified_gmt":"2026-05-01T12:52:14","slug":"yhteystiedot","status":"publish","type":"page","link":"https:\/\/taff.fi\/fi\/yhteystiedot\/","title":{"rendered":"Yhteystiedot &#038; Sijainti"},"content":{"rendered":"\n<h1 class=\"wp-block-heading\">Yhteystiedot &amp; sijainti<\/h1>\n\n\n\n<h5 class=\"wp-block-heading\"><strong>Festivaali<br><\/strong><\/h5>\n\n\n\n<p><a href=\"mailto:i&#110;&#102;&#111;&#64;ta&#102;&#102;.&#102;&#105;\">i&#110;&#102;&#111;&#64;ta&#102;&#102;.&#102;&#105;<\/a><\/p>\n\n\n\n<h5 class=\"wp-block-heading\"><strong>Festivaalijohtaja<br><\/strong><\/h5>\n\n\n\n<p>Annika Dahlsten<br><a href=\"mailto:&#97;&#110;n&#105;&#107;a&#64;taff.fi\">&#97;&#110;n&#105;&#107;a&#64;taff.fi<\/a><\/p>\n\n\n\n<h5 class=\"wp-block-heading\"><strong>Taiteellinen johtaja<br><\/strong><\/h5>\n\n\n\n<p>Joni M\u00e4nnist\u00f6<br><a href=\"mailto:&#106;&#111;&#110;i&#64;taff.f&#105;\">&#106;&#111;&#110;i&#64;taff.f&#105;<\/a><\/p>\n\n\n\n<h5 class=\"wp-block-heading\"><strong>Tuottaja<\/strong><\/h5>\n\n\n\n<p>Anton Perttu<br><a href=\"mailto:a&#110;to&#110;&#64;t&#97;f&#102;&#46;&#102;i\">a&#110;to&#110;&#64;t&#97;f&#102;&#46;&#102;i<\/a><\/p>\n\n\n\n<h5 class=\"wp-block-heading\"><strong>T<\/strong>iedottaja<\/h5>\n\n\n\n<p>Elias Jurvanen<br><a href=\"mailto:e&#108;i&#97;s&#64;t&#97;&#102;&#102;&#46;&#102;i\">e&#108;i&#97;s&#64;t&#97;&#102;&#102;&#46;&#102;i<\/a><\/p>\n\n\n\n<h1 class=\"wp-block-heading\">Sijainti<\/h1>\n\n\n\n<h3 class=\"wp-block-heading\"><strong>Manillan kulttuuritehdas<\/strong><\/h3>\n\n\n\n<p>Festivaalin ensimm\u00e4isen\u00e4 tapahtumapaikkana toimii perinteiseen tapaan Manillan vieh\u00e4tt\u00e4v\u00e4n rosoinen tehdaskortteli Aurajoen rannalla. Jo yli 150-vuotias kulttuuritehdas on koti monenkirjaville kulttuurin- ja vapaa-ajan toimijoille. Viinatehdas-tila sijaitsee Manillalla. L\u00f6yd\u00e4t Manillan t\u00e4\u00e4lt\u00e4:<\/p>\n\n\n\n<p><strong>It\u00e4inen Rantakatu 64, 20810 Turku<\/strong><\/p>\n\n\n\n<p>Keskustasta Manillan tehtaalle on matkaa kaksi (2) kilometri\u00e4. Matka taittuu puolessa tunnissa k\u00e4vellen idyllist\u00e4 Aurajokivartta pitkin tai 10 minuutissa busseilla. Linja-autot pys\u00e4htyv\u00e4t It\u00e4isell\u00e4 Rantakadulla F\u00f6rin viereen, jonka l\u00e4heisyydess\u00e4 Manillan tehdas sijaitsee. Ajantasaiset aikataulut, pys\u00e4kkikartat ja reittioppaat l\u00f6ytyv\u00e4t Turun seudun joukkoliikenteen eli <a href=\"https:\/\/reittiopas.foli.fi\/?locale=fi\" data-type=\"link\" data-id=\"https:\/\/reittiopas.foli.fi\" target=\"_blank\" rel=\"noreferrer noopener\"><span style=\"text-decoration: underline;\">F\u00f6lin reittioppaasta<\/span><\/a>.<\/p>\n\n\n\n<p>Tarkemmat festivaalikartat ja Manillan esteett\u00f6myystiedot l\u00f6ytyv\u00e4t <a href=\"https:\/\/taff.fi\/fi\/turvallisuus\/\" data-type=\"link\" data-id=\"https:\/\/taff.fi\/fi\/turvallisuus\/\" target=\"_blank\" rel=\"noreferrer noopener\"><span style=\"text-decoration: underline;\">Turvallisuus &amp; esteett\u00f6myys-sivulta<\/span><\/a>.<\/p>\n\n\n\n<div class=\"wp-block-gmap-gmap-block gmap-block-u8r5vg0i\"><iframe src=\"https:\/\/maps.google.com\/maps?q=turku+manilla&amp;z=15&amp;t=roadmap&amp;output=embed\" class=\"embd-map\" title=\"turku manilla\"><\/iframe><\/div>\n\n\n\n<h3 class=\"wp-block-heading\"><strong>Taiteen talo<\/strong><\/h3>\n\n\n\n<p>Festivaalin toisena tapahtumapaikkana toimii entinen tupakkatehdas, nykyinen Turun Taiteen talo, jossa sijaitsee my\u00f6s arthouse-elokuvateatteri Kino Kilta sek\u00e4 Galleria Aski. L\u00f6yd\u00e4t Taiteen talon t\u00e4\u00e4lt\u00e4:<\/p>\n\n\n\n<p><strong>Nunnankatu 4, 20700 Turku<\/strong><\/p>\n\n\n\n<p>Taiteen talolle saavut erityisen helposti k\u00e4vellen, py\u00f6r\u00e4illen tai julkisilla. Vanhankaupungin erityisyys tekee yksityisautoilusta haastavampaa. Taiteen talolle p\u00e4\u00e4see monilla busseilla. L\u00e4himm\u00e4t pys\u00e4kit ovat Uudenmaankadulla Tuomiokirkkotorin pys\u00e4kki ja H\u00e4meenkadulla K\u00e5renin pys\u00e4kki. Bussiaikatauluja voit etsi\u00e4 <a href=\"https:\/\/reittiopas.foli.fi\/\" data-type=\"link\" data-id=\"https:\/\/reittiopas.foli.fi\/\" target=\"_blank\" rel=\"noreferrer noopener\"><span style=\"text-decoration: underline;\">F\u00f6lin reittioppaasta<\/span><\/a>.<\/p>\n\n\n\n<p>Sis\u00e4pihalle saa tulla polkupy\u00f6r\u00e4ll\u00e4 ja niille on omat runkolukittavat py\u00f6r\u00e4parkkipaikat Tehtaan seinustalla sek\u00e4 F-rakennuksen edess\u00e4. Kes\u00e4kaudella 2025 Luostarin V\u00e4likadun py\u00f6r\u00e4parkki sijaitsee Nunnankadulla. Vanhalla Suurtorilla on my\u00f6s runkolukittavia py\u00f6r\u00e4parkkeja. Sis\u00e4pihan py\u00f6r\u00e4parkeille voi olla my\u00f6s tapahtumakohtaisia ohjeistuksia.<\/p>\n\n\n\n<p>Lastenvaunut ym. voi parkkeerata seinustalle talon sis\u00e4pihalle. Vaunuparkeille voi olla my\u00f6s tapahtumakohtaisia ohjeistuksia. Tarkemmat festivaalikartat ja Taiteen talon esteett\u00f6myystiedot l\u00f6ytyv\u00e4t <a href=\"https:\/\/taff.fi\/fi\/turvallisuus\/\" data-type=\"link\" data-id=\"https:\/\/taff.fi\/fi\/turvallisuus\/\" target=\"_blank\" rel=\"noreferrer noopener\"><span style=\"text-decoration: underline;\">Turvallisuus &amp; esteett\u00f6myys-sivulta<\/span><\/a>.<\/p>\n\n\n\n<div class=\"wp-block-gmap-gmap-block gmap-block-tpmh7z1g\"><iframe src=\"https:\/\/maps.google.com\/maps?q=Taiteen+talo+turku&amp;z=15&amp;t=roadmap&amp;output=embed\" class=\"embd-map\" title=\"Taiteen talo turku\"><\/iframe><\/div>\n","protected":false},"excerpt":{"rendered":"<p>Yhteystiedot &amp; sijainti Festivaali i&#110;&#102;&#111;&#64;&#116;a&#102;f.f&#105; Festivaalijohtaja Annika Dahlsten&#97;n&#110;ika&#64;&#116;a&#102;f&#46;&#102;i Taiteellinen johtaja Joni M\u00e4nnist\u00f6j&#111;ni&#64;taff.&#102;i Tuottaja Anton Perttu&#97;&#110;t&#111;n&#64;t&#97;ff&#46;fi Tiedottaja Elias Jurvanene&#108;i&#97;s&#64;t&#97;f&#102;.&#102;i Sijainti Manillan kulttuuritehdas Festivaalin ensimm\u00e4isen\u00e4 tapahtumapaikkana toimii [&hellip;]<\/p>\n","protected":false},"author":1,"featured_media":0,"parent":0,"menu_order":99,"comment_status":"closed","ping_status":"closed","template":"","meta":{"_acf_changed":false,"footnotes":""},"class_list":["post-269","page","type-page","status-publish","hentry"],"acf":[],"_links":{"self":[{"href":"https:\/\/taff.fi\/fi\/wp-json\/wp\/v2\/pages\/269","targetHints":{"allow":["GET"]}}],"collection":[{"href":"https:\/\/taff.fi\/fi\/wp-json\/wp\/v2\/pages"}],"about":[{"href":"https:\/\/taff.fi\/fi\/wp-json\/wp\/v2\/types\/page"}],"author":[{"embeddable":true,"href":"https:\/\/taff.fi\/fi\/wp-json\/wp\/v2\/users\/1"}],"replies":[{"embeddable":true,"href":"https:\/\/taff.fi\/fi\/wp-json\/wp\/v2\/comments?post=269"}],"version-history":[{"count":42,"href":"https:\/\/taff.fi\/fi\/wp-json\/wp\/v2\/pages\/269\/revisions"}],"predecessor-version":[{"id":10059,"href":"https:\/\/taff.fi\/fi\/wp-json\/wp\/v2\/pages\/269\/revisions\/10059"}],"wp:attachment":[{"href":"https:\/\/taff.fi\/fi\/wp-json\/wp\/v2\/media?parent=269"}],"curies":[{"name":"wp","href":"https:\/\/api.w.org\/{rel}","templated":true}]}}