{"id":3217,"date":"2022-08-22T10:00:02","date_gmt":"2022-08-22T07:00:02","guid":{"rendered":"https:\/\/taff.fi\/?page_id=3217"},"modified":"2025-08-29T15:01:21","modified_gmt":"2025-08-29T12:01:21","slug":"press-photos","status":"publish","type":"page","link":"https:\/\/taff.fi\/fi\/press-photos\/","title":{"rendered":"Press photos"},"content":{"rendered":"<h1>Press photos<\/h1>\n<p>Turku Animated Film Festival \/ TAFF and the photographer in question must be mentioned in connection with all pictures. The name of the photographer can be found in the caption of each photo. Right-click to download the photos to your device.<\/p>\n<figure class=\"wp-block-image size-large\"><img fetchpriority=\"high\" decoding=\"async\" class=\"wp-image-9827\" src=\"https:\/\/taff.fi\/2021\/wp-content\/uploads\/IMG_8769-3000x2000.jpg\" sizes=\"(max-width: 3000px) 100vw, 3000px\" srcset=\"https:\/\/taff.fi\/2021\/wp-content\/uploads\/IMG_8769-3000x2000.jpg 3000w, https:\/\/taff.fi\/2021\/wp-content\/uploads\/IMG_8769-1620x1080.jpg 1620w, https:\/\/taff.fi\/2021\/wp-content\/uploads\/IMG_8769-810x540.jpg 810w, https:\/\/taff.fi\/2021\/wp-content\/uploads\/IMG_8769-768x512.jpg 768w, https:\/\/taff.fi\/2021\/wp-content\/uploads\/IMG_8769-1536x1024.jpg 1536w, https:\/\/taff.fi\/2021\/wp-content\/uploads\/IMG_8769-2048x1365.jpg 2048w, https:\/\/taff.fi\/2021\/wp-content\/uploads\/IMG_8769-1200x800.jpg 1200w, https:\/\/taff.fi\/2021\/wp-content\/uploads\/IMG_8769-1980x1320.jpg 1980w, https:\/\/taff.fi\/2021\/wp-content\/uploads\/IMG_8769-600x400.jpg 600w\" alt=\"\" width=\"3000\" height=\"2000\" \/><figcaption class=\"wp-element-caption\">Photo: Ekaterina Zhuzhleva.<\/figcaption><\/figure>\n<figure class=\"wp-block-image size-large\"><img decoding=\"async\" class=\"wp-image-9854\" src=\"https:\/\/taff.fi\/2021\/wp-content\/uploads\/DSC04530-3000x1688.jpg\" sizes=\"(max-width: 3000px) 100vw, 3000px\" srcset=\"https:\/\/taff.fi\/2021\/wp-content\/uploads\/DSC04530-3000x1688.jpg 3000w, https:\/\/taff.fi\/2021\/wp-content\/uploads\/DSC04530-1920x1080.jpg 1920w, https:\/\/taff.fi\/2021\/wp-content\/uploads\/DSC04530-960x540.jpg 960w, https:\/\/taff.fi\/2021\/wp-content\/uploads\/DSC04530-768x432.jpg 768w, https:\/\/taff.fi\/2021\/wp-content\/uploads\/DSC04530-1536x864.jpg 1536w, https:\/\/taff.fi\/2021\/wp-content\/uploads\/DSC04530-2048x1152.jpg 2048w, https:\/\/taff.fi\/2021\/wp-content\/uploads\/DSC04530-1200x675.jpg 1200w, https:\/\/taff.fi\/2021\/wp-content\/uploads\/DSC04530-1980x1114.jpg 1980w, https:\/\/taff.fi\/2021\/wp-content\/uploads\/DSC04530-600x338.jpg 600w\" alt=\"\" width=\"3000\" height=\"1688\" \/><figcaption class=\"wp-element-caption\">Photo: Lidya E\u015fmelio\u011flu.<\/figcaption><\/figure>\n<figure class=\"wp-block-image size-large\"><img decoding=\"async\" class=\"wp-image-9879\" src=\"https:\/\/taff.fi\/2021\/wp-content\/uploads\/IMG_8654-3000x2000.jpg\" sizes=\"(max-width: 3000px) 100vw, 3000px\" srcset=\"https:\/\/taff.fi\/2021\/wp-content\/uploads\/IMG_8654-3000x2000.jpg 3000w, https:\/\/taff.fi\/2021\/wp-content\/uploads\/IMG_8654-1620x1080.jpg 1620w, https:\/\/taff.fi\/2021\/wp-content\/uploads\/IMG_8654-810x540.jpg 810w, https:\/\/taff.fi\/2021\/wp-content\/uploads\/IMG_8654-768x512.jpg 768w, https:\/\/taff.fi\/2021\/wp-content\/uploads\/IMG_8654-1536x1024.jpg 1536w, https:\/\/taff.fi\/2021\/wp-content\/uploads\/IMG_8654-2048x1365.jpg 2048w, https:\/\/taff.fi\/2021\/wp-content\/uploads\/IMG_8654-1200x800.jpg 1200w, https:\/\/taff.fi\/2021\/wp-content\/uploads\/IMG_8654-1980x1320.jpg 1980w, https:\/\/taff.fi\/2021\/wp-content\/uploads\/IMG_8654-600x400.jpg 600w\" alt=\"\" width=\"3000\" height=\"2000\" \/><figcaption class=\"wp-element-caption\">Photo: Ekaterina Zhuzhleva.<\/figcaption><\/figure>\n<figure class=\"wp-block-image size-large\"><img loading=\"lazy\" decoding=\"async\" class=\"wp-image-9901\" src=\"https:\/\/taff.fi\/2021\/wp-content\/uploads\/IMG_8823-3000x2000.jpg\" sizes=\"(max-width: 3000px) 100vw, 3000px\" srcset=\"https:\/\/taff.fi\/2021\/wp-content\/uploads\/IMG_8823-3000x2000.jpg 3000w, https:\/\/taff.fi\/2021\/wp-content\/uploads\/IMG_8823-1620x1080.jpg 1620w, https:\/\/taff.fi\/2021\/wp-content\/uploads\/IMG_8823-810x540.jpg 810w, https:\/\/taff.fi\/2021\/wp-content\/uploads\/IMG_8823-768x512.jpg 768w, https:\/\/taff.fi\/2021\/wp-content\/uploads\/IMG_8823-1536x1024.jpg 1536w, https:\/\/taff.fi\/2021\/wp-content\/uploads\/IMG_8823-2048x1365.jpg 2048w, https:\/\/taff.fi\/2021\/wp-content\/uploads\/IMG_8823-1200x800.jpg 1200w, https:\/\/taff.fi\/2021\/wp-content\/uploads\/IMG_8823-1980x1320.jpg 1980w, https:\/\/taff.fi\/2021\/wp-content\/uploads\/IMG_8823-600x400.jpg 600w\" alt=\"\" width=\"3000\" height=\"2000\" \/><figcaption class=\"wp-element-caption\">Photo: Ekaterina Zhuzhleva<\/figcaption><\/figure>\n<figure class=\"wp-block-image size-large\"><img loading=\"lazy\" decoding=\"async\" class=\"wp-image-9890\" src=\"https:\/\/taff.fi\/2021\/wp-content\/uploads\/DSC05067-3000x1688.jpg\" sizes=\"(max-width: 3000px) 100vw, 3000px\" srcset=\"https:\/\/taff.fi\/2021\/wp-content\/uploads\/DSC05067-3000x1688.jpg 3000w, https:\/\/taff.fi\/2021\/wp-content\/uploads\/DSC05067-1920x1080.jpg 1920w, https:\/\/taff.fi\/2021\/wp-content\/uploads\/DSC05067-960x540.jpg 960w, https:\/\/taff.fi\/2021\/wp-content\/uploads\/DSC05067-768x432.jpg 768w, https:\/\/taff.fi\/2021\/wp-content\/uploads\/DSC05067-1536x864.jpg 1536w, https:\/\/taff.fi\/2021\/wp-content\/uploads\/DSC05067-2048x1152.jpg 2048w, https:\/\/taff.fi\/2021\/wp-content\/uploads\/DSC05067-1200x675.jpg 1200w, https:\/\/taff.fi\/2021\/wp-content\/uploads\/DSC05067-1980x1114.jpg 1980w, https:\/\/taff.fi\/2021\/wp-content\/uploads\/DSC05067-600x338.jpg 600w\" alt=\"\" width=\"3000\" height=\"1688\" \/><figcaption class=\"wp-element-caption\">Photo: Lidya E\u015fmelio\u011flu.<\/figcaption><\/figure>\n<figure class=\"wp-block-image size-large\"><img loading=\"lazy\" decoding=\"async\" class=\"wp-image-9893\" src=\"https:\/\/taff.fi\/2021\/wp-content\/uploads\/DSC05142-3000x1688.jpg\" sizes=\"(max-width: 3000px) 100vw, 3000px\" srcset=\"https:\/\/taff.fi\/2021\/wp-content\/uploads\/DSC05142-3000x1688.jpg 3000w, https:\/\/taff.fi\/2021\/wp-content\/uploads\/DSC05142-1920x1080.jpg 1920w, https:\/\/taff.fi\/2021\/wp-content\/uploads\/DSC05142-960x540.jpg 960w, https:\/\/taff.fi\/2021\/wp-content\/uploads\/DSC05142-768x432.jpg 768w, https:\/\/taff.fi\/2021\/wp-content\/uploads\/DSC05142-1536x864.jpg 1536w, https:\/\/taff.fi\/2021\/wp-content\/uploads\/DSC05142-2048x1152.jpg 2048w, https:\/\/taff.fi\/2021\/wp-content\/uploads\/DSC05142-1200x675.jpg 1200w, https:\/\/taff.fi\/2021\/wp-content\/uploads\/DSC05142-1980x1114.jpg 1980w, https:\/\/taff.fi\/2021\/wp-content\/uploads\/DSC05142-600x338.jpg 600w\" alt=\"\" width=\"3000\" height=\"1688\" \/><figcaption class=\"wp-element-caption\">Photo: Lidya E\u015fmelio\u011flu.<\/p>\n<\/figcaption><\/figure>\n<figure class=\"wp-block-image size-large\"><img loading=\"lazy\" decoding=\"async\" class=\"wp-image-9840\" src=\"https:\/\/taff.fi\/2021\/wp-content\/uploads\/DSC05496-3000x1688.jpg\" sizes=\"(max-width: 3000px) 100vw, 3000px\" srcset=\"https:\/\/taff.fi\/2021\/wp-content\/uploads\/DSC05496-3000x1688.jpg 3000w, https:\/\/taff.fi\/2021\/wp-content\/uploads\/DSC05496-1920x1080.jpg 1920w, https:\/\/taff.fi\/2021\/wp-content\/uploads\/DSC05496-960x540.jpg 960w, https:\/\/taff.fi\/2021\/wp-content\/uploads\/DSC05496-768x432.jpg 768w, https:\/\/taff.fi\/2021\/wp-content\/uploads\/DSC05496-1536x864.jpg 1536w, https:\/\/taff.fi\/2021\/wp-content\/uploads\/DSC05496-2048x1152.jpg 2048w, https:\/\/taff.fi\/2021\/wp-content\/uploads\/DSC05496-1200x675.jpg 1200w, https:\/\/taff.fi\/2021\/wp-content\/uploads\/DSC05496-1980x1114.jpg 1980w, https:\/\/taff.fi\/2021\/wp-content\/uploads\/DSC05496-600x338.jpg 600w\" alt=\"\" width=\"3000\" height=\"1688\" \/><figcaption class=\"wp-element-caption\">Photo: Lidya E\u015fmelio\u011flu.<\/figcaption><\/figure>\n<figure class=\"wp-block-image size-large\"><img loading=\"lazy\" decoding=\"async\" class=\"wp-image-9842\" src=\"https:\/\/taff.fi\/2021\/wp-content\/uploads\/DSC05506-3000x1688.jpg\" sizes=\"(max-width: 3000px) 100vw, 3000px\" srcset=\"https:\/\/taff.fi\/2021\/wp-content\/uploads\/DSC05506-3000x1688.jpg 3000w, https:\/\/taff.fi\/2021\/wp-content\/uploads\/DSC05506-1920x1080.jpg 1920w, https:\/\/taff.fi\/2021\/wp-content\/uploads\/DSC05506-960x540.jpg 960w, https:\/\/taff.fi\/2021\/wp-content\/uploads\/DSC05506-768x432.jpg 768w, https:\/\/taff.fi\/2021\/wp-content\/uploads\/DSC05506-1536x864.jpg 1536w, https:\/\/taff.fi\/2021\/wp-content\/uploads\/DSC05506-2048x1152.jpg 2048w, https:\/\/taff.fi\/2021\/wp-content\/uploads\/DSC05506-1200x675.jpg 1200w, https:\/\/taff.fi\/2021\/wp-content\/uploads\/DSC05506-1980x1114.jpg 1980w, https:\/\/taff.fi\/2021\/wp-content\/uploads\/DSC05506-600x338.jpg 600w\" alt=\"\" width=\"3000\" height=\"1688\" \/><figcaption class=\"wp-element-caption\">Photo: Lidya E\u015fmelio\u011flu.<\/figcaption><\/figure>\n<figure class=\"wp-block-image size-large\"><img loading=\"lazy\" decoding=\"async\" class=\"wp-image-9852\" src=\"https:\/\/taff.fi\/2021\/wp-content\/uploads\/DSC05244-3000x1688.jpg\" sizes=\"(max-width: 3000px) 100vw, 3000px\" srcset=\"https:\/\/taff.fi\/2021\/wp-content\/uploads\/DSC05244-3000x1688.jpg 3000w, https:\/\/taff.fi\/2021\/wp-content\/uploads\/DSC05244-1920x1080.jpg 1920w, https:\/\/taff.fi\/2021\/wp-content\/uploads\/DSC05244-960x540.jpg 960w, https:\/\/taff.fi\/2021\/wp-content\/uploads\/DSC05244-768x432.jpg 768w, https:\/\/taff.fi\/2021\/wp-content\/uploads\/DSC05244-1536x864.jpg 1536w, https:\/\/taff.fi\/2021\/wp-content\/uploads\/DSC05244-2048x1152.jpg 2048w, https:\/\/taff.fi\/2021\/wp-content\/uploads\/DSC05244-1200x675.jpg 1200w, https:\/\/taff.fi\/2021\/wp-content\/uploads\/DSC05244-1980x1114.jpg 1980w, https:\/\/taff.fi\/2021\/wp-content\/uploads\/DSC05244-600x338.jpg 600w\" alt=\"\" width=\"3000\" height=\"1688\" \/><figcaption class=\"wp-element-caption\">Photo: Lidya E\u015fmelio\u011flu.<\/figcaption><\/figure>\n<figure class=\"wp-block-image size-large\"><img loading=\"lazy\" decoding=\"async\" class=\"wp-image-9856\" src=\"https:\/\/taff.fi\/2021\/wp-content\/uploads\/Awards_1-3000x1688.jpg\" sizes=\"(max-width: 3000px) 100vw, 3000px\" srcset=\"https:\/\/taff.fi\/2021\/wp-content\/uploads\/Awards_1-3000x1688.jpg 3000w, https:\/\/taff.fi\/2021\/wp-content\/uploads\/Awards_1-1920x1080.jpg 1920w, https:\/\/taff.fi\/2021\/wp-content\/uploads\/Awards_1-960x540.jpg 960w, https:\/\/taff.fi\/2021\/wp-content\/uploads\/Awards_1-768x432.jpg 768w, https:\/\/taff.fi\/2021\/wp-content\/uploads\/Awards_1-1536x864.jpg 1536w, https:\/\/taff.fi\/2021\/wp-content\/uploads\/Awards_1-2048x1152.jpg 2048w, https:\/\/taff.fi\/2021\/wp-content\/uploads\/Awards_1-1200x675.jpg 1200w, https:\/\/taff.fi\/2021\/wp-content\/uploads\/Awards_1-1980x1114.jpg 1980w, https:\/\/taff.fi\/2021\/wp-content\/uploads\/Awards_1-600x338.jpg 600w\" alt=\"\" width=\"3000\" height=\"1688\" \/><figcaption class=\"wp-element-caption\">Photo: Lidya E\u015fmelio\u011flu.<\/figcaption><\/figure>\n<figure class=\"wp-block-image size-large\"><img loading=\"lazy\" decoding=\"async\" class=\"wp-image-9860\" src=\"https:\/\/taff.fi\/2021\/wp-content\/uploads\/Awards_1-3-3000x1688.jpg\" sizes=\"(max-width: 3000px) 100vw, 3000px\" srcset=\"https:\/\/taff.fi\/2021\/wp-content\/uploads\/Awards_1-3-3000x1688.jpg 3000w, https:\/\/taff.fi\/2021\/wp-content\/uploads\/Awards_1-3-1920x1080.jpg 1920w, https:\/\/taff.fi\/2021\/wp-content\/uploads\/Awards_1-3-960x540.jpg 960w, https:\/\/taff.fi\/2021\/wp-content\/uploads\/Awards_1-3-768x432.jpg 768w, https:\/\/taff.fi\/2021\/wp-content\/uploads\/Awards_1-3-1536x864.jpg 1536w, https:\/\/taff.fi\/2021\/wp-content\/uploads\/Awards_1-3-2048x1152.jpg 2048w, https:\/\/taff.fi\/2021\/wp-content\/uploads\/Awards_1-3-1200x675.jpg 1200w, https:\/\/taff.fi\/2021\/wp-content\/uploads\/Awards_1-3-1980x1114.jpg 1980w, https:\/\/taff.fi\/2021\/wp-content\/uploads\/Awards_1-3-600x338.jpg 600w\" alt=\"\" width=\"3000\" height=\"1688\" \/><figcaption class=\"wp-element-caption\">Photo: Lidya E\u015fmelio\u011flu.<\/figcaption><\/figure>\n<figure style=\"width: 1620px\" class=\"wp-caption alignnone\"><img loading=\"lazy\" decoding=\"async\" src=\"https:\/\/taff.fi\/2021\/wp-content\/uploads\/098-Ke21-8-TAFF2019-FULLSIZE-PaavoPykalainen-1620x1080.jpg\" alt=\"\" width=\"1620\" height=\"1080\" \/><figcaption class=\"wp-caption-text\">Photo: Paavo Pyk\u00e4l\u00e4inen<\/figcaption><\/figure>\n<figure style=\"width: 1619px\" class=\"wp-caption alignnone\"><img loading=\"lazy\" decoding=\"async\" src=\"https:\/\/taff.fi\/2021\/wp-content\/uploads\/596-La24-8-TAFF2019-FULLSIZE-PaavoPykalainen-1619x1080.jpg\" alt=\"\" width=\"1619\" height=\"1080\" \/><figcaption class=\"wp-caption-text\">Photo: Paavo Pyk\u00e4l\u00e4inen<\/figcaption><\/figure>\n<figure style=\"width: 1620px\" class=\"wp-caption alignnone\"><img loading=\"lazy\" decoding=\"async\" src=\"https:\/\/taff.fi\/2021\/wp-content\/uploads\/373-Pe23-8-TAFF2019-FULLSIZE-PaavoPykalainen-1620x1080.jpg\" alt=\"\" width=\"1620\" height=\"1080\" \/><figcaption class=\"wp-caption-text\">Photo: Paavo Pyk\u00e4l\u00e4inen<\/figcaption><\/figure>\n<figure style=\"width: 1620px\" class=\"wp-caption alignnone\"><img loading=\"lazy\" decoding=\"async\" src=\"https:\/\/taff.fi\/2021\/wp-content\/uploads\/299-To22-8-TAFF2019-FULLSIZE-PaavoPykalainen-1620x1080.jpg\" alt=\"\" width=\"1620\" height=\"1080\" \/><figcaption class=\"wp-caption-text\">Photo: Paavo Pyk\u00e4l\u00e4inen<\/figcaption><\/figure>\n<figure id=\"attachment_5608\" aria-describedby=\"caption-attachment-5608\" style=\"width: 1620px\" class=\"wp-caption alignnone\"><img loading=\"lazy\" decoding=\"async\" class=\"size-medium wp-image-5608\" src=\"https:\/\/taff.fi\/2021\/wp-content\/uploads\/MG_0869-1620x1080.jpg\" alt=\"\" width=\"1620\" height=\"1080\" srcset=\"https:\/\/taff.fi\/2021\/wp-content\/uploads\/MG_0869-1620x1080.jpg 1620w, https:\/\/taff.fi\/2021\/wp-content\/uploads\/MG_0869-810x540.jpg 810w, https:\/\/taff.fi\/2021\/wp-content\/uploads\/MG_0869-768x512.jpg 768w, https:\/\/taff.fi\/2021\/wp-content\/uploads\/MG_0869-1536x1024.jpg 1536w, https:\/\/taff.fi\/2021\/wp-content\/uploads\/MG_0869-1200x800.jpg 1200w, https:\/\/taff.fi\/2021\/wp-content\/uploads\/MG_0869-1980x1320.jpg 1980w, https:\/\/taff.fi\/2021\/wp-content\/uploads\/MG_0869-600x400.jpg 600w, https:\/\/taff.fi\/2021\/wp-content\/uploads\/MG_0869.jpg 2048w\" sizes=\"(max-width: 1620px) 100vw, 1620px\" \/><figcaption id=\"caption-attachment-5608\" class=\"wp-caption-text\">Photo: Daisy Heart<\/figcaption><\/figure>\n<figure id=\"attachment_5610\" aria-describedby=\"caption-attachment-5610\" style=\"width: 1620px\" class=\"wp-caption alignnone\"><img loading=\"lazy\" decoding=\"async\" class=\"wp-image-5610 size-medium\" src=\"https:\/\/taff.fi\/2021\/wp-content\/uploads\/MG_0882-1620x1080.jpg\" alt=\"\" width=\"1620\" height=\"1080\" srcset=\"https:\/\/taff.fi\/2021\/wp-content\/uploads\/MG_0882-1620x1080.jpg 1620w, https:\/\/taff.fi\/2021\/wp-content\/uploads\/MG_0882-810x540.jpg 810w, https:\/\/taff.fi\/2021\/wp-content\/uploads\/MG_0882-768x512.jpg 768w, https:\/\/taff.fi\/2021\/wp-content\/uploads\/MG_0882-1536x1024.jpg 1536w, https:\/\/taff.fi\/2021\/wp-content\/uploads\/MG_0882-1200x800.jpg 1200w, https:\/\/taff.fi\/2021\/wp-content\/uploads\/MG_0882-1980x1320.jpg 1980w, https:\/\/taff.fi\/2021\/wp-content\/uploads\/MG_0882-600x400.jpg 600w, https:\/\/taff.fi\/2021\/wp-content\/uploads\/MG_0882.jpg 2048w\" sizes=\"(max-width: 1620px) 100vw, 1620px\" \/><figcaption id=\"caption-attachment-5610\" class=\"wp-caption-text\">Photo: Daisy Heart<\/figcaption><\/figure>\n<figure id=\"attachment_5612\" aria-describedby=\"caption-attachment-5612\" style=\"width: 1620px\" class=\"wp-caption alignnone\"><img loading=\"lazy\" decoding=\"async\" class=\"size-medium wp-image-5612\" src=\"https:\/\/taff.fi\/2021\/wp-content\/uploads\/DSCF9425-1620x1080.jpg\" alt=\"\" width=\"1620\" height=\"1080\" srcset=\"https:\/\/taff.fi\/2021\/wp-content\/uploads\/DSCF9425-1620x1080.jpg 1620w, https:\/\/taff.fi\/2021\/wp-content\/uploads\/DSCF9425-810x540.jpg 810w, https:\/\/taff.fi\/2021\/wp-content\/uploads\/DSCF9425-768x512.jpg 768w, https:\/\/taff.fi\/2021\/wp-content\/uploads\/DSCF9425-1536x1024.jpg 1536w, https:\/\/taff.fi\/2021\/wp-content\/uploads\/DSCF9425-2048x1365.jpg 2048w, https:\/\/taff.fi\/2021\/wp-content\/uploads\/DSCF9425-1200x800.jpg 1200w, https:\/\/taff.fi\/2021\/wp-content\/uploads\/DSCF9425-1980x1320.jpg 1980w, https:\/\/taff.fi\/2021\/wp-content\/uploads\/DSCF9425-600x400.jpg 600w\" sizes=\"(max-width: 1620px) 100vw, 1620px\" \/><figcaption id=\"caption-attachment-5612\" class=\"wp-caption-text\">Photo: Niina V\u00e4\u00e4r\u00e4niemi<\/figcaption><\/figure>\n","protected":false},"excerpt":{"rendered":"<p>Press photos Turku Animated Film Festival \/ TAFF and the photographer in question must be mentioned in connection with all pictures. The name of the [&hellip;]<\/p>\n","protected":false},"author":7,"featured_media":0,"parent":0,"menu_order":0,"comment_status":"closed","ping_status":"closed","template":"","meta":{"_acf_changed":false,"footnotes":""},"class_list":["post-3217","page","type-page","status-publish","hentry"],"acf":[],"_links":{"self":[{"href":"https:\/\/taff.fi\/fi\/wp-json\/wp\/v2\/pages\/3217","targetHints":{"allow":["GET"]}}],"collection":[{"href":"https:\/\/taff.fi\/fi\/wp-json\/wp\/v2\/pages"}],"about":[{"href":"https:\/\/taff.fi\/fi\/wp-json\/wp\/v2\/types\/page"}],"author":[{"embeddable":true,"href":"https:\/\/taff.fi\/fi\/wp-json\/wp\/v2\/users\/7"}],"replies":[{"embeddable":true,"href":"https:\/\/taff.fi\/fi\/wp-json\/wp\/v2\/comments?post=3217"}],"version-history":[{"count":27,"href":"https:\/\/taff.fi\/fi\/wp-json\/wp\/v2\/pages\/3217\/revisions"}],"predecessor-version":[{"id":9944,"href":"https:\/\/taff.fi\/fi\/wp-json\/wp\/v2\/pages\/3217\/revisions\/9944"}],"wp:attachment":[{"href":"https:\/\/taff.fi\/fi\/wp-json\/wp\/v2\/media?parent=3217"}],"curies":[{"name":"wp","href":"https:\/\/api.w.org\/{rel}","templated":true}]}}