{"id":5914,"date":"2024-06-18T14:41:57","date_gmt":"2024-06-18T11:41:57","guid":{"rendered":"https:\/\/taff.fi\/?page_id=5914"},"modified":"2024-06-18T14:41:57","modified_gmt":"2024-06-18T11:41:57","slug":"international-competition-2024-titles","status":"publish","type":"page","link":"https:\/\/taff.fi\/fi\/international-competition-2024-titles\/","title":{"rendered":"International Competition 2024"},"content":{"rendered":"<h2>International Competition 2024<\/h2>\n<p>The 9th edition of TAFF received over 2100 submissions from 101 countries for its International Competition. Ultimately 38 animated shorts were selected to compete for the Grand Prix, Tough Eye Award and Audience Award. In addition, there will be awards for the Best Professional Film and the Best Student Film.<\/p>\n<p><strong>[S] (UK)<\/strong><br \/>\nDir. Mario Radev<\/p>\n<p><strong>Three Birds (Slovenia)<\/strong><br \/>\nDir. Zarja Menart<\/p>\n<p><strong>A Very Twisted Tale (France)<\/strong><br \/>\nDir. Catherine Buffat, Jean-Luc Greco<\/p>\n<p><strong>Macro Micro (Hong Kong)<\/strong><br \/>\nDir. Shuxin Yan Wang<\/p>\n<p><strong>BUNNYHOOD (UK)<\/strong><br \/>\nDir. Mansi Maheshwari<\/p>\n<p><strong>Fish (US)<\/strong><br \/>\nDir. Yingdan Lai<\/p>\n<p><strong>Zima (Poland)<\/strong><br \/>\nDir. Tomek Popakul, Kasumi Ozeki<\/p>\n<p><strong>Beautiful Men (Belgium)<\/strong><br \/>\nDir. Nicolas Keppens<\/p>\n<p><strong>Swifts (Estonia)<\/strong><br \/>\nDir. Ada Napiorkowski<\/p>\n<p><strong>Ice Rink (China)<\/strong><br \/>\nDir. Ziyin Wang<\/p>\n<p><strong>FIA (Argentina)<\/strong><br \/>\nDir. Luciana Martinez<\/p>\n<p><strong>Flatastic (France)<\/strong><br \/>\nDir. Alice Saey<\/p>\n<p><strong>subotopic (Austria)<\/strong><br \/>\nDir. Nikki Schuster<\/p>\n<p><strong>The Mole (Russian Federation)<\/strong><br \/>\nDir. Alexey Sukhov<\/p>\n<p><strong>Bergamot (China)<\/strong><br \/>\nDir. Yanqi Liang<\/p>\n<p><strong>Miserable Miracle (France)<\/strong><br \/>\nDir. Ryo Orikasa<\/p>\n<p><strong>Keep Out (Hong Kong)<\/strong><br \/>\nDir. Tan Lui Chan<\/p>\n<p><strong>Father\u2019s Letters (France)<\/strong><br \/>\nDir. Alexey Evstigneev<\/p>\n<p><strong>I Am Here (Netherlands)<\/strong><br \/>\nDir. Cheyenne Goudswaard<\/p>\n<p><strong>Zarko, You Will Spoil the Child! (Croatia)<\/strong><br \/>\nDir. Veljko Popovic, Milivoj Popovic<\/p>\n<p><strong>La Voix des Sir\u00e8nes (Italy)<\/strong><br \/>\nDir. Gianluigi Toccafondo<\/p>\n<p><strong>Giovanna and the big peacock (Italy)<\/strong><br \/>\nDir. Maria Zilli<\/p>\n<p><strong>Canard (Switzerland)<\/strong><br \/>\nDir. Elie Chapuis<\/p>\n<p><strong>Vitanuova (Chile)<\/strong><br \/>\nDir. Niles Atallah<\/p>\n<p><strong>A border guard and his dog (Spain)<\/strong><br \/>\nDir. Pablo Ballar\u00edn<\/p>\n<p><strong>Percebes (France)<\/strong><br \/>\nDir. Alexandra Ramires, Laura Gon\u00e7alves<\/p>\n<p><strong>Vision (Japan)<\/strong><br \/>\nDir. \u00c7a\u011f\u0131l Harmandar<\/p>\n<p><strong>Red Meat (Belgium)<\/strong><br \/>\nDir. Eleni Aerts<\/p>\n<p><strong>Papillon (France)<\/strong><br \/>\nDir. Florence Miailhe<\/p>\n<p><strong>Wander to Wonder (Belgium)<\/strong><br \/>\nDir. Nina Gantz<\/p>\n<p><strong>Vegan Mayo (Hungary)<\/strong><br \/>\nDir. Luca T\u00f3th<\/p>\n<p><strong>Via Dolorosa (France)<\/strong><br \/>\nDir. Rachel Gutgarts<\/p>\n<p><strong>O\/S (Germany)<\/strong><br \/>\nDir. Max Hattler<\/p>\n<p><strong>Matta and Matto (Switzerland)<\/strong><br \/>\nDir. Bianca Caderas, Kerstin Zemp<\/p>\n<p><strong>it\u2019s just a whole (Germany)<\/strong><br \/>\nDir. Bianca Scali<\/p>\n<p><strong>Adi\u00f3s (UK)<\/strong><br \/>\nDir. Jos\u00e9 Prats<\/p>\n<p><strong>The Choolers: Fish and Meat (Belgium)<\/strong><br \/>\nDir. Monsieur Pimpant<\/p>\n<p><strong>A kind of Testament (France)<\/strong><br \/>\nDir. Stephen Vuillemin<\/p>\n","protected":false},"excerpt":{"rendered":"<p>International Competition 2024 The 9th edition of TAFF received over 2100 submissions from 101 countries for its International Competition. Ultimately 38 animated shorts were selected [&hellip;]<\/p>\n","protected":false},"author":8,"featured_media":0,"parent":0,"menu_order":0,"comment_status":"closed","ping_status":"closed","template":"","meta":{"_acf_changed":false,"footnotes":""},"class_list":["post-5914","page","type-page","status-publish","hentry"],"acf":[],"_links":{"self":[{"href":"https:\/\/taff.fi\/fi\/wp-json\/wp\/v2\/pages\/5914","targetHints":{"allow":["GET"]}}],"collection":[{"href":"https:\/\/taff.fi\/fi\/wp-json\/wp\/v2\/pages"}],"about":[{"href":"https:\/\/taff.fi\/fi\/wp-json\/wp\/v2\/types\/page"}],"author":[{"embeddable":true,"href":"https:\/\/taff.fi\/fi\/wp-json\/wp\/v2\/users\/8"}],"replies":[{"embeddable":true,"href":"https:\/\/taff.fi\/fi\/wp-json\/wp\/v2\/comments?post=5914"}],"version-history":[{"count":1,"href":"https:\/\/taff.fi\/fi\/wp-json\/wp\/v2\/pages\/5914\/revisions"}],"predecessor-version":[{"id":5915,"href":"https:\/\/taff.fi\/fi\/wp-json\/wp\/v2\/pages\/5914\/revisions\/5915"}],"wp:attachment":[{"href":"https:\/\/taff.fi\/fi\/wp-json\/wp\/v2\/media?parent=5914"}],"curies":[{"name":"wp","href":"https:\/\/api.w.org\/{rel}","templated":true}]}}