{"id":5926,"date":"2024-06-18T14:51:51","date_gmt":"2024-06-18T11:51:51","guid":{"rendered":"https:\/\/taff.fi\/?page_id=5926"},"modified":"2024-06-19T13:44:15","modified_gmt":"2024-06-19T10:44:15","slug":"kansainvalinen-kilpailu-2024-valitut","status":"publish","type":"page","link":"https:\/\/taff.fi\/fi\/kansainvalinen-kilpailu-2024-valitut\/","title":{"rendered":"Kansainv\u00e4linen kilpailu 2024"},"content":{"rendered":"<h2>Kansainv\u00e4linen kilpailu 2024<\/h2>\n<p>Yhdeks\u00e4nnen TAFFin kansainv\u00e4liseen kilpailuun l\u00e4hetettiin yli 2100 ehdotusta 101 maasta. Lopulta 38 animaatiolyhytelokuvaa valittiin kilpailemaan p\u00e4\u00e4palkinnosta, Tough Eye Award -palkinnosta ja yleis\u00f6palkinnosta. Lis\u00e4ksi palkitaan paras ammattilaiselokuva ja paras opiskelijaelokuva.<\/p>\n<p><strong>[S] (Yhdistynyt kuningaskunta)<\/strong><br \/>\nOhj. Mario Radev<\/p>\n<p><strong>Three Birds (Slovenia)<\/strong><br \/>\nOhj. Zarja Menart<\/p>\n<p><strong>A Very Twisted Tale (Ranska)<\/strong><br \/>\nOhj. Catherine Buffat, Jean-Luc Greco<\/p>\n<p><strong>Macro Micro (Hong Kong)<\/strong><br \/>\nOhj. Shuxin Yan Wang<\/p>\n<p><strong>BUNNYHOOD (Yhdistynyt kuningaskunta)<\/strong><br \/>\nOhj. Mansi Maheshwari<\/p>\n<p><strong>Fish (Yhdysvallat)<\/strong><br \/>\nOhj. Yingdan Lai<\/p>\n<p><strong>Zima (Puola)<\/strong><br \/>\nOhj. Tomek Popakul, Kasumi Ozeki<\/p>\n<p><strong>Beautiful Men (Belgia)<\/strong><br \/>\nOhj. Nicolas Keppens<\/p>\n<p><strong>Swifts (Viro)<\/strong><br \/>\nOhj. Ada Napiorkowski<\/p>\n<p><strong>Ice Rink (Kiina)<\/strong><br \/>\nOhj. Ziyin Wang<\/p>\n<p><strong>FIA (Argentiina)<\/strong><br \/>\nOhj. Luciana Martinez<\/p>\n<p><strong>Flatastic (Ranska)<\/strong><br \/>\nOhj. Alice Saey<\/p>\n<p><strong>subotopic (It\u00e4valta)<\/strong><br \/>\nOhj. Nikki Schuster<\/p>\n<p><strong>The Mole (Ven\u00e4j\u00e4)<\/strong><br \/>\nOhj. Alexey Sukhov<\/p>\n<p><strong>Bergamot (Kiina)<\/strong><br \/>\nOhj. Yanqi Liang<\/p>\n<p><strong>Miserable Miracle (Ranska)<\/strong><br \/>\nOhj. Ryo Orikasa<\/p>\n<p><strong>Keep Out (Hong Kong)<\/strong><br \/>\nOhj. Tan Lui Chan<\/p>\n<p><strong>Father&#8217;s Letters (Ranska)<\/strong><br \/>\nOhj. Alexey Evstigneev<\/p>\n<p><strong>I Am Here (Alankomaat)<\/strong><br \/>\nOhj. Cheyenne Goudswaard<\/p>\n<p><strong>Zarko, You Will Spoil the Child! (Kroatia)<\/strong><br \/>\nOhj. Veljko Popovic, Milivoj Popovic<\/p>\n<p><strong>La Voix des Sir\u00e8nes (Italia)<\/strong><br \/>\nOhj. Gianluigi Toccafondo<\/p>\n<p><strong>Giovanna and the big peacock (Italia)<\/strong><br \/>\nOhj. Maria Zilli<\/p>\n<p><strong>Canard (Sveitsi)<\/strong><br \/>\nOhj. Elie Chapuis<\/p>\n<p><strong>Vitanuova (Chile)<\/strong><br \/>\nOhj. Niles Atallah<\/p>\n<p><strong>A border guard and his dog (Espanja)<\/strong><br \/>\nOhj. Pablo Ballar\u00edn<\/p>\n<p><strong>Percebes (Ranska)<\/strong><br \/>\nOhj. Alexandra Ramires, Laura Gon\u00e7alves<\/p>\n<p><strong>Vision (Japani)<\/strong><br \/>\nOhj. \u00c7a\u011f\u0131l Harmandar<\/p>\n<p><strong>Red Meat (Belgia)<\/strong><br \/>\nOhj. Eleni Aerts<\/p>\n<p><strong>Papillon (Ranska)<\/strong><br \/>\nOhj. Florence Miailhe<\/p>\n<p><strong>Wander to Wonder (Belgia)<\/strong><br \/>\nOhj. Nina Gantz<\/p>\n<p><strong>Vegan Mayo (Unkari)<\/strong><br \/>\nOhj. Luca T\u00f3th<\/p>\n<p><strong>Via Dolorosa (Ranska)<\/strong><br \/>\nOhj. Rachel Gutgarts<\/p>\n<p><strong>O\/S (Saksa)<\/strong><br \/>\nOhj. Max Hattler<\/p>\n<p><strong>Matta and Matto (Sveitsi)<\/strong><br \/>\nOhj. Bianca Caderas, Kerstin Zemp<\/p>\n<p><strong>it&#8217;s just a whole (Saksa)<\/strong><br \/>\nOhj. Bianca Scali<\/p>\n<p><strong>Adi\u00f3s (Yhdistynyt kuningaskunta)<\/strong><br \/>\nOhj. Jos\u00e9 Prats<\/p>\n<p><strong>The Choolers: Fish and Meat (Belgia)<\/strong><br \/>\nOhj. Monsieur Pimpant<\/p>\n<p><strong>A kind of Testament (Ranska)<\/strong><br \/>\nOhj. Stephen Vuillemin<\/p>\n","protected":false},"excerpt":{"rendered":"<p>Kansainv\u00e4linen kilpailu 2024 Yhdeks\u00e4nnen TAFFin kansainv\u00e4liseen kilpailuun l\u00e4hetettiin yli 2100 ehdotusta 101 maasta. Lopulta 38 animaatiolyhytelokuvaa valittiin kilpailemaan p\u00e4\u00e4palkinnosta, Tough Eye Award -palkinnosta ja yleis\u00f6palkinnosta. [&hellip;]<\/p>\n","protected":false},"author":8,"featured_media":0,"parent":0,"menu_order":0,"comment_status":"closed","ping_status":"closed","template":"","meta":{"_acf_changed":false,"footnotes":""},"class_list":["post-5926","page","type-page","status-publish","hentry"],"acf":[],"_links":{"self":[{"href":"https:\/\/taff.fi\/fi\/wp-json\/wp\/v2\/pages\/5926","targetHints":{"allow":["GET"]}}],"collection":[{"href":"https:\/\/taff.fi\/fi\/wp-json\/wp\/v2\/pages"}],"about":[{"href":"https:\/\/taff.fi\/fi\/wp-json\/wp\/v2\/types\/page"}],"author":[{"embeddable":true,"href":"https:\/\/taff.fi\/fi\/wp-json\/wp\/v2\/users\/8"}],"replies":[{"embeddable":true,"href":"https:\/\/taff.fi\/fi\/wp-json\/wp\/v2\/comments?post=5926"}],"version-history":[{"count":4,"href":"https:\/\/taff.fi\/fi\/wp-json\/wp\/v2\/pages\/5926\/revisions"}],"predecessor-version":[{"id":5948,"href":"https:\/\/taff.fi\/fi\/wp-json\/wp\/v2\/pages\/5926\/revisions\/5948"}],"wp:attachment":[{"href":"https:\/\/taff.fi\/fi\/wp-json\/wp\/v2\/media?parent=5926"}],"curies":[{"name":"wp","href":"https:\/\/api.w.org\/{rel}","templated":true}]}}