{"id":5928,"date":"2024-06-18T14:53:02","date_gmt":"2024-06-18T11:53:02","guid":{"rendered":"https:\/\/taff.fi\/?page_id=5928"},"modified":"2024-06-18T14:53:02","modified_gmt":"2024-06-18T11:53:02","slug":"kotimainen-kilpailu-2024-valitut","status":"publish","type":"page","link":"https:\/\/taff.fi\/fi\/kotimainen-kilpailu-2024-valitut\/","title":{"rendered":"Kotimainen kilpailu 2024"},"content":{"rendered":"<h2>Kotimainen kilpailu 2024<\/h2>\n<p><span style=\"font-weight: 400;\">Yhdeks\u00e4nnen TAFFin kansainv\u00e4liseen kilpailuun l\u00e4hetettiin yli 2100 ehdotusta 101 maasta. Lopulta 22:sta l\u00e4hetetyst\u00e4 kotimaisesta elokuvasta valittiin 10 lyhytanimaatiota kilpailemaan parhaan kotimaisen elokuvan palkinnosta.<\/span><\/p>\n<p><strong>Ilmoitusasia \/ An Announcement (FI)<\/strong><br \/>\nOhj. Emma Louhivuori<\/p>\n<p><strong>Flower Show (FI)<\/strong><br \/>\nOhj. Elli Vuorinen<\/p>\n<p><strong>L\u00e4hemm\u00e4s \/ Closer (FI)<\/strong><br \/>\nOhj. Albert Aleksanteri Laine<\/p>\n<p><strong>Tape (FI)<\/strong><br \/>\nOhj. Wing Ki Hui<\/p>\n<p><strong>Polkuvene \/ Paddle Boat (FI)<\/strong><br \/>\nOhj. Samppa Kukkonen<\/p>\n<p><strong>Aamuvirkku \/ Rise and Shine (FI)<\/strong><br \/>\nOhj. Matti Luukko<\/p>\n<p><strong>Headrest (FI)<\/strong><br \/>\nOhj. Heta Okkonen<\/p>\n<p><strong>Bright White Light (FI)<\/strong><br \/>\nOhj. Henna V\u00e4lkky, Erik Lehtola<\/p>\n<p><strong>Heavenly Vessel (FI)<\/strong><br \/>\nOhj. Venla Linna<\/p>\n<p><strong>I Smell A Mouse (FI)<\/strong><br \/>\nOhj. Iiti Yli-Harja<\/p>\n","protected":false},"excerpt":{"rendered":"<p>Kotimainen kilpailu 2024 Yhdeks\u00e4nnen TAFFin kansainv\u00e4liseen kilpailuun l\u00e4hetettiin yli 2100 ehdotusta 101 maasta. Lopulta 22:sta l\u00e4hetetyst\u00e4 kotimaisesta elokuvasta valittiin 10 lyhytanimaatiota kilpailemaan parhaan kotimaisen elokuvan [&hellip;]<\/p>\n","protected":false},"author":8,"featured_media":0,"parent":0,"menu_order":0,"comment_status":"closed","ping_status":"closed","template":"","meta":{"_acf_changed":false,"footnotes":""},"class_list":["post-5928","page","type-page","status-publish","hentry"],"acf":[],"_links":{"self":[{"href":"https:\/\/taff.fi\/fi\/wp-json\/wp\/v2\/pages\/5928","targetHints":{"allow":["GET"]}}],"collection":[{"href":"https:\/\/taff.fi\/fi\/wp-json\/wp\/v2\/pages"}],"about":[{"href":"https:\/\/taff.fi\/fi\/wp-json\/wp\/v2\/types\/page"}],"author":[{"embeddable":true,"href":"https:\/\/taff.fi\/fi\/wp-json\/wp\/v2\/users\/8"}],"replies":[{"embeddable":true,"href":"https:\/\/taff.fi\/fi\/wp-json\/wp\/v2\/comments?post=5928"}],"version-history":[{"count":1,"href":"https:\/\/taff.fi\/fi\/wp-json\/wp\/v2\/pages\/5928\/revisions"}],"predecessor-version":[{"id":5929,"href":"https:\/\/taff.fi\/fi\/wp-json\/wp\/v2\/pages\/5928\/revisions\/5929"}],"wp:attachment":[{"href":"https:\/\/taff.fi\/fi\/wp-json\/wp\/v2\/media?parent=5928"}],"curies":[{"name":"wp","href":"https:\/\/api.w.org\/{rel}","templated":true}]}}