{"id":5939,"date":"2024-06-19T13:33:12","date_gmt":"2024-06-19T10:33:12","guid":{"rendered":"https:\/\/taff.fi\/?page_id=5939"},"modified":"2024-06-19T13:36:32","modified_gmt":"2024-06-19T10:36:32","slug":"junior-kilpailu-2024","status":"publish","type":"page","link":"https:\/\/taff.fi\/fi\/junior-kilpailu-2024\/","title":{"rendered":"Junior-kilpailu 2024"},"content":{"rendered":"<h2>Junior-kilpailu 2024<\/h2>\n<p>Yhdeks\u00e4nnen TAFFin kansainv\u00e4liseen kilpailuun l\u00e4hetettiin yli 2100 ehdotusta 101 maasta. TAFF Junior -palkinnosta kilpailemaan valittiin lopulta 20 animaatioelokuvaa.<\/p>\n<p><strong>Clawlolo: Gramophon (Kypros)<\/strong><br \/>\nOhj. Alexey Alexeev<\/p>\n<p><strong>Shorts from the Box \/ Never Give Up (Unkari)<\/strong><br \/>\nOhj. Geza M. Toth<\/p>\n<p><strong>The Girl With The Occupied Eyes (Portugali)<\/strong><br \/>\nOhj. Andr\u00e9 Carrilho<\/p>\n<p><strong>Blowing off Steam (Norja)<\/strong><br \/>\nOhj. Nora Fossan, Filip Dobe\u0161<\/p>\n<p><strong>Baking With Boris (Ranska)<\/strong><br \/>\nOhj. Ma\u0161a Avramovi\u0107<\/p>\n<p><strong>Hoofs on Skates (Liettua)<\/strong><br \/>\nOhj. Ignas Meil\u016bnas<\/p>\n<p><strong>High Frequency (Ranska)<\/strong><br \/>\nOhj. Anya Amosova<\/p>\n<p><strong>Hello Summer (Slovakia)<\/strong><br \/>\nOhj. Martin Smatana, Veronika Zacharov\u00e1<\/p>\n<p><strong>Just Little Imps (Portugali)<\/strong><br \/>\nOhj. Students from Highschool of Escola B\u00e1sica Maria Pais Ribeiro &#8211; A Ribeirinha, Leonor Pacheco, Dimitrije Mihajlovic<\/p>\n<p><strong>Flower Lantern in the Woods (Kiina)<\/strong><br \/>\nOhj. Yiling Zeng<\/p>\n<p><strong>Circle of Dew (Daggdr\u00f6m) (Ruotsi)<\/strong><br \/>\nOhj. Emma Richey<\/p>\n<p><strong>Miisufy (Viro)<\/strong><br \/>\nOhj. Liisi Gr\u00fcnberg<\/p>\n<p><strong>Filante (Ranska)<\/strong><br \/>\nOhj. Marion Jamault<\/p>\n<p><strong>Yuck! (Ranska)<\/strong><br \/>\nOhj. Lo\u00efc Espuche<\/p>\n<p><strong>Crosswalk (Ven\u00e4j\u00e4)<\/strong><br \/>\nOhj. Daria Volchok<\/p>\n<p><strong>Noodles au Naturel (Ranska)<\/strong><br \/>\nOhj. Matteo Salanave Piazza<\/p>\n<p><strong>BUG (Iran)<\/strong><br \/>\nOhj. Ali Masoumi<\/p>\n<p><strong>Vivarium (Alankomaat)<\/strong><br \/>\nOhj. Daan Lucas<\/p>\n<p><strong>My name is Edgar and I have a cow (T\u0161ekki)<\/strong><br \/>\nOhj. Filip Diviak<\/p>\n","protected":false},"excerpt":{"rendered":"<p>Junior-kilpailu 2024 Yhdeks\u00e4nnen TAFFin kansainv\u00e4liseen kilpailuun l\u00e4hetettiin yli 2100 ehdotusta 101 maasta. TAFF Junior -palkinnosta kilpailemaan valittiin lopulta 20 animaatioelokuvaa. Clawlolo: Gramophon (Kypros) Ohj. Alexey [&hellip;]<\/p>\n","protected":false},"author":8,"featured_media":0,"parent":0,"menu_order":0,"comment_status":"closed","ping_status":"closed","template":"","meta":{"_acf_changed":false,"footnotes":""},"class_list":["post-5939","page","type-page","status-publish","hentry"],"acf":[],"_links":{"self":[{"href":"https:\/\/taff.fi\/fi\/wp-json\/wp\/v2\/pages\/5939","targetHints":{"allow":["GET"]}}],"collection":[{"href":"https:\/\/taff.fi\/fi\/wp-json\/wp\/v2\/pages"}],"about":[{"href":"https:\/\/taff.fi\/fi\/wp-json\/wp\/v2\/types\/page"}],"author":[{"embeddable":true,"href":"https:\/\/taff.fi\/fi\/wp-json\/wp\/v2\/users\/8"}],"replies":[{"embeddable":true,"href":"https:\/\/taff.fi\/fi\/wp-json\/wp\/v2\/comments?post=5939"}],"version-history":[{"count":3,"href":"https:\/\/taff.fi\/fi\/wp-json\/wp\/v2\/pages\/5939\/revisions"}],"predecessor-version":[{"id":5944,"href":"https:\/\/taff.fi\/fi\/wp-json\/wp\/v2\/pages\/5939\/revisions\/5944"}],"wp:attachment":[{"href":"https:\/\/taff.fi\/fi\/wp-json\/wp\/v2\/media?parent=5939"}],"curies":[{"name":"wp","href":"https:\/\/api.w.org\/{rel}","templated":true}]}}