{"id":5951,"date":"2024-06-20T10:04:30","date_gmt":"2024-06-20T07:04:30","guid":{"rendered":"https:\/\/taff.fi\/?page_id=5951"},"modified":"2024-08-19T15:10:45","modified_gmt":"2024-08-19T12:10:45","slug":"panorama-ohjelma-2024","status":"publish","type":"page","link":"https:\/\/taff.fi\/fi\/panorama-ohjelma-2024\/","title":{"rendered":"Panorama-ohjelma 2024"},"content":{"rendered":"<h2>Panorama-ohjelma 2024<\/h2>\n<p>Panorama on kilpasarjan ulkopuolinen ohjelma, jossa esitell\u00e4\u00e4n monipuolinen valikoima kiinnostavimpia nykyaikaisia animaatioita. N\u00e4m\u00e4 ovat elokuvia, jotka j\u00e4iv\u00e4t mieleemme, ja jotka haluamme ehdottomasti jakaa yleis\u00f6mme kanssa!<\/p>\n<h4>Kansainv\u00e4linen panorama<\/h4>\n<p><strong>Tennis, Oranges (Yhdysvallat)<\/strong><br \/>\nOhj. Sean Pecknold<\/p>\n<p><strong>The Point of Permanence (Japani)<\/strong><br \/>\nOhj. Nana Kawabata<\/p>\n<p><strong>Le Cr\u00e9puscule (Belgia)<\/strong><br \/>\nOhj. Laura Vandewynckel<\/p>\n<p><strong>Spooky Loops (Ukraina)<\/strong><br \/>\nOhj. Stas Santimov<\/p>\n<p><strong>Hurik\u00e1n (T\u0161ekki)<\/strong><br \/>\nOhj. Jan Saska<\/p>\n<p><strong>Point and Line to Cosmos (Viro)<\/strong><br \/>\nOhj. Pablo Ballar\u00edn<\/p>\n<p><strong>De Imperio (Portugali)<\/strong><br \/>\nOhj. Alessandro Novelli<\/p>\n<p><strong>Godspeed Cowboy (Ranska)<\/strong><br \/>\nOhj. Nicol\u00e1s Petelski<\/p>\n<h4>Dokumenttielokuvien panorama<\/h4>\n<p><strong>Swimming with Wings (Alankomaat)<\/strong><br \/>\nOhj. Daphna Awadish Golan<\/p>\n<p><strong>Visible Mending (Yhdistynyt kuningaskunta)<\/strong><br \/>\nOhj. Samantha Moore<\/p>\n<p><strong>Rosaria&#8217;s marriage (Italia)<\/strong><br \/>\nOhj. Oscar Renni, Adina Oana Enache<\/p>\n<p><strong>WINDOWS FROM THE SOUTH (Kroatia)<\/strong><br \/>\nOhj. Eugen Bilankov<\/p>\n<p><strong>The Meatseller (Italia)<\/strong><br \/>\nOhj. Margherita Giusti<\/p>\n<p><strong>What We Talk When We Talk About Fruits (Intia)<\/strong><br \/>\nOhj. Nonisha Negi<\/p>\n<p><strong>GIGI (Ranska)<\/strong><br \/>\nOhj. Cynthia Calvi<\/p>\n<h4>Musiikkivideoiden panorama<\/h4>\n<p><strong>M\u00e9t\u00e9ores (Ranska)<\/strong><br \/>\nOhj. Agn\u00e8s Patron, Morgane Le P\u00e9chon<\/p>\n<p><strong>A toi (Ranska)<\/strong><br \/>\nOhj. St\u00e9phane Berla<\/p>\n<p><strong>Boy Blue (Italia)<\/strong><br \/>\nOhj. CIANG, Matteo Dang Minh, Francesca Colombara<\/p>\n<p><strong>Cut Short Crisply (Belgia)<\/strong><br \/>\nOhj. Claudia Cort\u00e8s Espejo, Margot Reumont<\/p>\n<p><strong>Saber cair \u00e9 uma ciencia \/ to know to fall is a science (Portugali)<\/strong><br \/>\nOhj. Katalin Egely<\/p>\n<p><strong>Sexual Misery (Belgia)<\/strong><br \/>\nOhj. Ingrid Heiderscheidt<\/p>\n<p><strong>I&#8217;m Leaving (Saksa)<\/strong><br \/>\nOhj. Michelle Brand<\/p>\n<p><strong>Theo Myling &#8211; my heart is in limbo (Norja)<\/strong><br \/>\nOhj. H\u00e5vard Skeide Glad<\/p>\n<p><strong>Worm (Ranska)<\/strong><br \/>\nOhj. Mattis Dovier, Yoann Dovier<\/p>\n<p><strong>Laguna Plena (Brasilia)<\/strong><br \/>\nOhj. Carlon Hardt, Rimon Guimar\u00e3es<\/p>\n<p><strong>Opto Optics (Saksa)<\/strong><br \/>\nOhj. Pearl Seemann<\/p>\n<p><strong>Mind Replacer (Japani)<\/strong><br \/>\nOhj. Tarafu Otani<\/p>\n<p><strong>Wildlife Cameraman (Summer Farm) (Yhdistynyt kuningaskunta)<\/strong><br \/>\nOhj. Erentia Bedeker<\/p>\n<p><strong>The Time (Ranska)<\/strong><br \/>\nOhj. Marie Opron<\/p>\n<p><strong>Doughy the Doggy (Ranska)<\/strong><br \/>\nOhj. Jeremy Boulard, Paul Bourgois<\/p>\n<p>&nbsp;<\/p>\n","protected":false},"excerpt":{"rendered":"<p>Panorama-ohjelma 2024 Panorama on kilpasarjan ulkopuolinen ohjelma, jossa esitell\u00e4\u00e4n monipuolinen valikoima kiinnostavimpia nykyaikaisia animaatioita. N\u00e4m\u00e4 ovat elokuvia, jotka j\u00e4iv\u00e4t mieleemme, ja jotka haluamme ehdottomasti jakaa [&hellip;]<\/p>\n","protected":false},"author":8,"featured_media":0,"parent":0,"menu_order":0,"comment_status":"closed","ping_status":"closed","template":"","meta":{"_acf_changed":false,"footnotes":""},"class_list":["post-5951","page","type-page","status-publish","hentry"],"acf":[],"_links":{"self":[{"href":"https:\/\/taff.fi\/fi\/wp-json\/wp\/v2\/pages\/5951","targetHints":{"allow":["GET"]}}],"collection":[{"href":"https:\/\/taff.fi\/fi\/wp-json\/wp\/v2\/pages"}],"about":[{"href":"https:\/\/taff.fi\/fi\/wp-json\/wp\/v2\/types\/page"}],"author":[{"embeddable":true,"href":"https:\/\/taff.fi\/fi\/wp-json\/wp\/v2\/users\/8"}],"replies":[{"embeddable":true,"href":"https:\/\/taff.fi\/fi\/wp-json\/wp\/v2\/comments?post=5951"}],"version-history":[{"count":3,"href":"https:\/\/taff.fi\/fi\/wp-json\/wp\/v2\/pages\/5951\/revisions"}],"predecessor-version":[{"id":6794,"href":"https:\/\/taff.fi\/fi\/wp-json\/wp\/v2\/pages\/5951\/revisions\/6794"}],"wp:attachment":[{"href":"https:\/\/taff.fi\/fi\/wp-json\/wp\/v2\/media?parent=5951"}],"curies":[{"name":"wp","href":"https:\/\/api.w.org\/{rel}","templated":true}]}}