{"id":6249,"date":"2024-07-08T10:20:50","date_gmt":"2024-07-08T07:20:50","guid":{"rendered":"https:\/\/taff.fi\/?page_id=6249"},"modified":"2024-07-08T10:48:19","modified_gmt":"2024-07-08T07:48:19","slug":"uutiset","status":"publish","type":"page","link":"https:\/\/taff.fi\/fi\/uutiset\/","title":{"rendered":"Uutiset"},"content":{"rendered":"\n<h2 class=\"wp-block-heading has-text-align-left\" style=\"font-size:64px;font-style:normal;font-weight:800\">Uutiset<\/h2>\n\n\n\n<div class=\"wp-block-group\"><div class=\"wp-block-group__inner-container is-layout-constrained wp-block-group-is-layout-constrained\"><ul class=\"wp-block-latest-posts__list has-dates has-link-color alignleft wp-elements-2098c40cb7c7ec3ddc826c5e60f5aed4 wp-block-latest-posts has-text-color has-primary-color has-normal-font-size\"><li><div class=\"wp-block-latest-posts__featured-image\"><a href=\"https:\/\/taff.fi\/fi\/call-for-entries-4\/\" aria-label=\"Haku festivaaliin on auki!\"><img fetchpriority=\"high\" decoding=\"async\" width=\"960\" height=\"504\" src=\"https:\/\/taff.fi\/2021\/wp-content\/uploads\/2026_TEMP_Facebook-Posts_Timeline-960x504.jpg\" class=\"attachment-thumbnail size-thumbnail wp-post-image\" alt=\"\" style=\"max-width:580px;max-height:405px;\" srcset=\"https:\/\/taff.fi\/2021\/wp-content\/uploads\/2026_TEMP_Facebook-Posts_Timeline-960x504.jpg 960w, https:\/\/taff.fi\/2021\/wp-content\/uploads\/2026_TEMP_Facebook-Posts_Timeline-768x403.jpg 768w, https:\/\/taff.fi\/2021\/wp-content\/uploads\/2026_TEMP_Facebook-Posts_Timeline-600x315.jpg 600w, https:\/\/taff.fi\/2021\/wp-content\/uploads\/2026_TEMP_Facebook-Posts_Timeline.jpg 1200w\" sizes=\"(max-width: 960px) 100vw, 960px\" \/><\/a><\/div><a class=\"wp-block-latest-posts__post-title\" href=\"https:\/\/taff.fi\/fi\/call-for-entries-4\/\">Haku festivaaliin on auki!<\/a><time datetime=\"2026-01-05T08:00:04+02:00\" class=\"wp-block-latest-posts__post-date\">05.01.2026<\/time><div class=\"wp-block-latest-posts__post-excerpt\">TAFF j\u00e4rjestet\u00e4\u00e4n Suomen animaatiop\u00e4\u00e4kaupungissa Turussa 26.-30.8.2026. T\u00e4m\u00e4n vuoden kilpailuilmoittautuminen on auki 31.3.2025 saakka. Hae kilpasarjoihin alla olevan linkin kautta! Turku Animated Film Festival \u2013 tuttavallisemmin\u2026 <a class=\"wp-block-latest-posts__read-more\" href=\"https:\/\/taff.fi\/fi\/call-for-entries-4\/\" rel=\"noopener noreferrer\">Lue lis\u00e4\u00e4<span class=\"screen-reader-text\">: Haku festivaaliin on auki!<\/span><\/a><\/div><\/li>\n<li><div class=\"wp-block-latest-posts__featured-image\"><a href=\"https:\/\/taff.fi\/fi\/kiitos-10-taff\/\" aria-label=\"KIITOS 10. TAFF!\"><img decoding=\"async\" width=\"960\" height=\"540\" src=\"https:\/\/taff.fi\/2021\/wp-content\/uploads\/1-1-960x540.jpg\" class=\"attachment-thumbnail size-thumbnail wp-post-image\" alt=\"\" style=\"max-width:580px;max-height:405px;\" srcset=\"https:\/\/taff.fi\/2021\/wp-content\/uploads\/1-1-960x540.jpg 960w, https:\/\/taff.fi\/2021\/wp-content\/uploads\/1-1-1920x1080.jpg 1920w, https:\/\/taff.fi\/2021\/wp-content\/uploads\/1-1-768x432.jpg 768w, https:\/\/taff.fi\/2021\/wp-content\/uploads\/1-1-1536x864.jpg 1536w, https:\/\/taff.fi\/2021\/wp-content\/uploads\/1-1-2048x1152.jpg 2048w, https:\/\/taff.fi\/2021\/wp-content\/uploads\/1-1-1200x675.jpg 1200w, https:\/\/taff.fi\/2021\/wp-content\/uploads\/1-1-1980x1114.jpg 1980w, https:\/\/taff.fi\/2021\/wp-content\/uploads\/1-1-600x338.jpg 600w\" sizes=\"(max-width: 960px) 100vw, 960px\" \/><\/a><\/div><a class=\"wp-block-latest-posts__post-title\" href=\"https:\/\/taff.fi\/fi\/kiitos-10-taff\/\">KIITOS 10. TAFF!<\/a><time datetime=\"2025-08-29T14:42:30+03:00\" class=\"wp-block-latest-posts__post-date\">29.08.2025<\/time><div class=\"wp-block-latest-posts__post-excerpt\">Kiitos 10. TAFF! Kymmenes Turku Animated Film Festival on tullut p\u00e4\u00e4t\u00f6kseens\u00e4, ja mik\u00e4 juhla siit\u00e4 tulikaan! Vuodesta 2016 j\u00e4rjestetty TAFF juhli t\u00e4n\u00e4 vuonna py\u00f6reit\u00e4 vuosia\u2026 <a class=\"wp-block-latest-posts__read-more\" href=\"https:\/\/taff.fi\/fi\/kiitos-10-taff\/\" rel=\"noopener noreferrer\">Lue lis\u00e4\u00e4<span class=\"screen-reader-text\">: KIITOS 10. TAFF!<\/span><\/a><\/div><\/li>\n<li><div class=\"wp-block-latest-posts__featured-image\"><a href=\"https:\/\/taff.fi\/fi\/taff-voittajat-2025\/\" aria-label=\"TAFF VOITTAJAT 2025\"><img decoding=\"async\" width=\"960\" height=\"540\" src=\"https:\/\/taff.fi\/2021\/wp-content\/uploads\/VOITTAJAT-2025-1-960x540.png\" class=\"attachment-thumbnail size-thumbnail wp-post-image\" alt=\"\" style=\"max-width:580px;max-height:405px;\" srcset=\"https:\/\/taff.fi\/2021\/wp-content\/uploads\/VOITTAJAT-2025-1-960x540.png 960w, https:\/\/taff.fi\/2021\/wp-content\/uploads\/VOITTAJAT-2025-1-768x432.png 768w, https:\/\/taff.fi\/2021\/wp-content\/uploads\/VOITTAJAT-2025-1.png 1920w\" sizes=\"(max-width: 960px) 100vw, 960px\" \/><\/a><\/div><a class=\"wp-block-latest-posts__post-title\" href=\"https:\/\/taff.fi\/fi\/taff-voittajat-2025\/\">TAFF VOITTAJAT 2025<\/a><time datetime=\"2025-08-24T12:52:05+03:00\" class=\"wp-block-latest-posts__post-date\">24.08.2025<\/time><div class=\"wp-block-latest-posts__post-excerpt\">10. TAFFin palkitut animaatiot! T\u00e4ss\u00e4 ne ovat, t\u00e4m\u00e4n vuoden TAFFin voittajaelokuvat! Lauantai-illan palkintoseremoniassa jaettiin yhteens\u00e4 10 palkintoa. Voittajaelokuvat tekiv\u00e4t vaikutuksen sek\u00e4 tuomaristoon ett\u00e4 yleis\u00f6\u00f6n n\u00e4ytt\u00e4v\u00e4ll\u00e4\u2026 <a class=\"wp-block-latest-posts__read-more\" href=\"https:\/\/taff.fi\/fi\/taff-voittajat-2025\/\" rel=\"noopener noreferrer\">Lue lis\u00e4\u00e4<span class=\"screen-reader-text\">: TAFF VOITTAJAT 2025<\/span><\/a><\/div><\/li>\n<li><div class=\"wp-block-latest-posts__featured-image\"><a href=\"https:\/\/taff.fi\/fi\/10-taff-on-alkanut\/\" aria-label=\"10. TAFF on alkanut!\"><img loading=\"lazy\" decoding=\"async\" width=\"810\" height=\"540\" src=\"https:\/\/taff.fi\/2021\/wp-content\/uploads\/3-1-810x540.jpg\" class=\"attachment-thumbnail size-thumbnail wp-post-image\" alt=\"\" style=\"max-width:580px;max-height:405px;\" srcset=\"https:\/\/taff.fi\/2021\/wp-content\/uploads\/3-1-810x540.jpg 810w, https:\/\/taff.fi\/2021\/wp-content\/uploads\/3-1-1620x1080.jpg 1620w, https:\/\/taff.fi\/2021\/wp-content\/uploads\/3-1-768x512.jpg 768w, https:\/\/taff.fi\/2021\/wp-content\/uploads\/3-1-1536x1024.jpg 1536w, https:\/\/taff.fi\/2021\/wp-content\/uploads\/3-1-1200x800.jpg 1200w, https:\/\/taff.fi\/2021\/wp-content\/uploads\/3-1-1980x1320.jpg 1980w, https:\/\/taff.fi\/2021\/wp-content\/uploads\/3-1-600x400.jpg 600w, https:\/\/taff.fi\/2021\/wp-content\/uploads\/3-1.jpg 2048w\" sizes=\"(max-width: 810px) 100vw, 810px\" \/><\/a><\/div><a class=\"wp-block-latest-posts__post-title\" href=\"https:\/\/taff.fi\/fi\/10-taff-on-alkanut\/\">10. TAFF on alkanut!<\/a><time datetime=\"2025-08-21T11:02:10+03:00\" class=\"wp-block-latest-posts__post-date\">21.08.2025<\/time><div class=\"wp-block-latest-posts__post-excerpt\">10. TAFF on alkanut! Kymmenes Turku Animated Film Festival on alkanut! Ensimm\u00e4nen festivaalip\u00e4iv\u00e4 alkoi iloisissa merkeiss\u00e4 eilen keskiviikkona, kun ensimm\u00e4isten elokuvan\u00e4yt\u00f6sten animaatiot v\u00e4l\u00e4htiv\u00e4t Kino Kilta-elokuvateatterin\u2026 <a class=\"wp-block-latest-posts__read-more\" href=\"https:\/\/taff.fi\/fi\/10-taff-on-alkanut\/\" rel=\"noopener noreferrer\">Lue lis\u00e4\u00e4<span class=\"screen-reader-text\">: 10. TAFF on alkanut!<\/span><\/a><\/div><\/li>\n<li><div class=\"wp-block-latest-posts__featured-image\"><a href=\"https:\/\/taff.fi\/fi\/tuomaristo-2o25\/\" aria-label=\"TUOMARISTO 2O25\"><img loading=\"lazy\" decoding=\"async\" width=\"960\" height=\"399\" src=\"https:\/\/taff.fi\/2021\/wp-content\/uploads\/Jury-2880-x-1080-px-1-960x399.jpeg\" class=\"attachment-thumbnail size-thumbnail wp-post-image\" alt=\"\" style=\"max-width:580px;max-height:405px;\" srcset=\"https:\/\/taff.fi\/2021\/wp-content\/uploads\/Jury-2880-x-1080-px-1-960x399.jpeg 960w, https:\/\/taff.fi\/2021\/wp-content\/uploads\/Jury-2880-x-1080-px-1-1920x798.jpeg 1920w, https:\/\/taff.fi\/2021\/wp-content\/uploads\/Jury-2880-x-1080-px-1-768x319.jpeg 768w, https:\/\/taff.fi\/2021\/wp-content\/uploads\/Jury-2880-x-1080-px-1-1536x638.jpeg 1536w, https:\/\/taff.fi\/2021\/wp-content\/uploads\/Jury-2880-x-1080-px-1-2048x851.jpeg 2048w, https:\/\/taff.fi\/2021\/wp-content\/uploads\/Jury-2880-x-1080-px-1-1200x498.jpeg 1200w, https:\/\/taff.fi\/2021\/wp-content\/uploads\/Jury-2880-x-1080-px-1-1980x822.jpeg 1980w, https:\/\/taff.fi\/2021\/wp-content\/uploads\/Jury-2880-x-1080-px-1-600x249.jpeg 600w\" sizes=\"(max-width: 960px) 100vw, 960px\" \/><\/a><\/div><a class=\"wp-block-latest-posts__post-title\" href=\"https:\/\/taff.fi\/fi\/tuomaristo-2o25\/\">TUOMARISTO 2O25<\/a><time datetime=\"2025-08-13T12:36:22+03:00\" class=\"wp-block-latest-posts__post-date\">13.08.2025<\/time><div class=\"wp-block-latest-posts__post-excerpt\">TAPAA TUOMARISTOMME! Meill\u00e4 on kunnia toivottaa tervetulleiksi Pavel Hor\u00e1\u010dek, Michaela M\u00fcller ja Petrit Gora t\u00e4m\u00e4n vuoden TAFFin tuomaristoon, joka valitsee kansainv\u00e4lisen kilpailumme voittajan. Pavel Hor\u00e1\u010dek\u2026 <a class=\"wp-block-latest-posts__read-more\" href=\"https:\/\/taff.fi\/fi\/tuomaristo-2o25\/\" rel=\"noopener noreferrer\">Lue lis\u00e4\u00e4<span class=\"screen-reader-text\">: TUOMARISTO 2O25<\/span><\/a><\/div><\/li>\n<li><div class=\"wp-block-latest-posts__featured-image\"><a href=\"https:\/\/taff.fi\/fi\/turku-animated-film-festival-on-apartheidista-vapaa-alue\/\" aria-label=\"Turku Animated Film Festival on Apartheidista vapaa alue\"><img loading=\"lazy\" decoding=\"async\" width=\"960\" height=\"540\" src=\"https:\/\/taff.fi\/2021\/wp-content\/uploads\/BDS_fin_web2b-960x540.png\" class=\"attachment-thumbnail size-thumbnail wp-post-image\" alt=\"\" style=\"max-width:580px;max-height:405px;\" srcset=\"https:\/\/taff.fi\/2021\/wp-content\/uploads\/BDS_fin_web2b-960x540.png 960w, https:\/\/taff.fi\/2021\/wp-content\/uploads\/BDS_fin_web2b-1920x1080.png 1920w, https:\/\/taff.fi\/2021\/wp-content\/uploads\/BDS_fin_web2b-768x432.png 768w\" sizes=\"(max-width: 960px) 100vw, 960px\" \/><\/a><\/div><a class=\"wp-block-latest-posts__post-title\" href=\"https:\/\/taff.fi\/fi\/turku-animated-film-festival-on-apartheidista-vapaa-alue\/\">Turku Animated Film Festival on Apartheidista vapaa alue<\/a><time datetime=\"2025-08-06T15:47:54+03:00\" class=\"wp-block-latest-posts__post-date\">06.08.2025<\/time><div class=\"wp-block-latest-posts__post-excerpt\">Turku Animated Film Festival on Apartheidista vapaa alue Turku Animated Film Festival on Apartheidista vapaa alue (Apartheid Free Zone \u2013 AFZ). Sitoudumme kansainv\u00e4lisen BDS-liikkeen boikotteihin\u2026 <a class=\"wp-block-latest-posts__read-more\" href=\"https:\/\/taff.fi\/fi\/turku-animated-film-festival-on-apartheidista-vapaa-alue\/\" rel=\"noopener noreferrer\">Lue lis\u00e4\u00e4<span class=\"screen-reader-text\">: Turku Animated Film Festival on Apartheidista vapaa alue<\/span><\/a><\/div><\/li>\n<li><div class=\"wp-block-latest-posts__featured-image\"><a href=\"https:\/\/taff.fi\/fi\/taff-pro-2025-tulevaisuus-ja-taide\/\" aria-label=\"TAFF PRO 2025: TULEVAISUUS JA TAIDE\"><img loading=\"lazy\" decoding=\"async\" width=\"960\" height=\"364\" src=\"https:\/\/taff.fi\/2021\/wp-content\/uploads\/TAFF-PRO-Nettisivuille-1584-x-600-px-960x364.jpeg\" class=\"attachment-thumbnail size-thumbnail wp-post-image\" alt=\"\" style=\"max-width:580px;max-height:405px;\" srcset=\"https:\/\/taff.fi\/2021\/wp-content\/uploads\/TAFF-PRO-Nettisivuille-1584-x-600-px-960x364.jpeg 960w, https:\/\/taff.fi\/2021\/wp-content\/uploads\/TAFF-PRO-Nettisivuille-1584-x-600-px-768x291.jpeg 768w, https:\/\/taff.fi\/2021\/wp-content\/uploads\/TAFF-PRO-Nettisivuille-1584-x-600-px-1536x582.jpeg 1536w, https:\/\/taff.fi\/2021\/wp-content\/uploads\/TAFF-PRO-Nettisivuille-1584-x-600-px-1200x455.jpeg 1200w, https:\/\/taff.fi\/2021\/wp-content\/uploads\/TAFF-PRO-Nettisivuille-1584-x-600-px-600x227.jpeg 600w, https:\/\/taff.fi\/2021\/wp-content\/uploads\/TAFF-PRO-Nettisivuille-1584-x-600-px.jpeg 1584w\" sizes=\"(max-width: 960px) 100vw, 960px\" \/><\/a><\/div><a class=\"wp-block-latest-posts__post-title\" href=\"https:\/\/taff.fi\/fi\/taff-pro-2025-tulevaisuus-ja-taide\/\">TAFF PRO 2025: TULEVAISUUS JA TAIDE<\/a><time datetime=\"2025-08-06T11:00:00+03:00\" class=\"wp-block-latest-posts__post-date\">06.08.2025<\/time><div class=\"wp-block-latest-posts__post-excerpt\">TAFF PRO 2025 katsoo kohti tulevaisuutta ja taiteita T\u00e4m\u00e4n vuoden festivaalin ammattilaisohjelma keskittyy animaation tulevaisuuteen sek\u00e4 kuvataiteisiin. 21.\u201322. elokuuta j\u00e4rjestett\u00e4v\u00e4 TAFF Pro kokoaa yhteen suomalaisia\u2026 <a class=\"wp-block-latest-posts__read-more\" href=\"https:\/\/taff.fi\/fi\/taff-pro-2025-tulevaisuus-ja-taide\/\" rel=\"noopener noreferrer\">Lue lis\u00e4\u00e4<span class=\"screen-reader-text\">: TAFF PRO 2025: TULEVAISUUS JA TAIDE<\/span><\/a><\/div><\/li>\n<li><div class=\"wp-block-latest-posts__featured-image\"><a href=\"https:\/\/taff.fi\/fi\/taff-esittaa-juhana-moisander-sermon\/\" aria-label=\"TAFF esitt\u00e4\u00e4: Juhana Moisander \u2013 SERMON\u00a0\"><img loading=\"lazy\" decoding=\"async\" width=\"960\" height=\"540\" src=\"https:\/\/taff.fi\/2021\/wp-content\/uploads\/Moisander_WP-960x540.png\" class=\"attachment-thumbnail size-thumbnail wp-post-image\" alt=\"\" style=\"max-width:580px;max-height:405px;\" srcset=\"https:\/\/taff.fi\/2021\/wp-content\/uploads\/Moisander_WP-960x540.png 960w, https:\/\/taff.fi\/2021\/wp-content\/uploads\/Moisander_WP-768x432.png 768w, https:\/\/taff.fi\/2021\/wp-content\/uploads\/Moisander_WP-1536x864.png 1536w, https:\/\/taff.fi\/2021\/wp-content\/uploads\/Moisander_WP-1200x675.png 1200w, https:\/\/taff.fi\/2021\/wp-content\/uploads\/Moisander_WP-600x338.png 600w, https:\/\/taff.fi\/2021\/wp-content\/uploads\/Moisander_WP.png 1920w\" sizes=\"(max-width: 960px) 100vw, 960px\" \/><\/a><\/div><a class=\"wp-block-latest-posts__post-title\" href=\"https:\/\/taff.fi\/fi\/taff-esittaa-juhana-moisander-sermon\/\">TAFF esitt\u00e4\u00e4: Juhana Moisander \u2013 SERMON\u00a0<\/a><time datetime=\"2025-07-23T10:00:00+03:00\" class=\"wp-block-latest-posts__post-date\">23.07.2025<\/time><div class=\"wp-block-latest-posts__post-excerpt\">Juhana Moisander \u2013 SERMON&nbsp; 15.8.\u201324.8.2025 | Galleria Aski Turku Animated Film Festivalin n\u00e4yttelykokonaisuus Galleria Askissa esittelee t\u00e4n\u00e4 vuonna kuvataiteilija Juhana Moisanderin videoinstallaatiot Sermon II ja\u2026 <a class=\"wp-block-latest-posts__read-more\" href=\"https:\/\/taff.fi\/fi\/taff-esittaa-juhana-moisander-sermon\/\" rel=\"noopener noreferrer\">Lue lis\u00e4\u00e4<span class=\"screen-reader-text\">: TAFF esitt\u00e4\u00e4: Juhana Moisander \u2013 SERMON\u00a0<\/span><\/a><\/div><\/li>\n<\/ul><\/div><\/div>\n","protected":false},"excerpt":{"rendered":"<p>Uutiset<\/p>\n","protected":false},"author":8,"featured_media":0,"parent":0,"menu_order":0,"comment_status":"closed","ping_status":"closed","template":"","meta":{"_acf_changed":false,"footnotes":""},"class_list":["post-6249","page","type-page","status-publish","hentry"],"acf":[],"_links":{"self":[{"href":"https:\/\/taff.fi\/fi\/wp-json\/wp\/v2\/pages\/6249","targetHints":{"allow":["GET"]}}],"collection":[{"href":"https:\/\/taff.fi\/fi\/wp-json\/wp\/v2\/pages"}],"about":[{"href":"https:\/\/taff.fi\/fi\/wp-json\/wp\/v2\/types\/page"}],"author":[{"embeddable":true,"href":"https:\/\/taff.fi\/fi\/wp-json\/wp\/v2\/users\/8"}],"replies":[{"embeddable":true,"href":"https:\/\/taff.fi\/fi\/wp-json\/wp\/v2\/comments?post=6249"}],"version-history":[{"count":7,"href":"https:\/\/taff.fi\/fi\/wp-json\/wp\/v2\/pages\/6249\/revisions"}],"predecessor-version":[{"id":7417,"href":"https:\/\/taff.fi\/fi\/wp-json\/wp\/v2\/pages\/6249\/revisions\/7417"}],"wp:attachment":[{"href":"https:\/\/taff.fi\/fi\/wp-json\/wp\/v2\/media?parent=6249"}],"curies":[{"name":"wp","href":"https:\/\/api.w.org\/{rel}","templated":true}]}}