{"id":6607,"date":"2024-08-09T15:49:46","date_gmt":"2024-08-09T12:49:46","guid":{"rendered":"https:\/\/taff.fi\/?page_id=6607"},"modified":"2024-08-09T15:49:47","modified_gmt":"2024-08-09T12:49:47","slug":"taffeli-naytos-ja-tyopaja","status":"publish","type":"page","link":"https:\/\/taff.fi\/fi\/taffeli-naytos-ja-tyopaja\/","title":{"rendered":"Taffeli-n\u00e4yt\u00f6s ja -ty\u00f6paja"},"content":{"rendered":"\n<h2 class=\"wp-block-heading\">Taffeli-n\u00e4yt\u00f6s ja -ty\u00f6paja<\/h2>\n\n\n\n<p>TAFF j\u00e4rjest\u00e4\u00e4 t\u00e4n\u00e4 vuonna enn\u00e4tysm\u00e4\u00e4r\u00e4n maksuttomia pop-up-tapahtumia ymp\u00e4ri kaupunkia! <strong>Taffeli-n\u00e4yt\u00f6s<\/strong> sis\u00e4lt\u00e4\u00e4 nelj\u00e4 kansainv\u00e4list\u00e4 elokuvaa animaatiotaiteen huipulta. Noin puoli tuntia kest\u00e4v\u00e4 n\u00e4yt\u00f6s sopii kaikenik\u00e4isille.\u00a0<\/p>\n\n\n\n<p><strong>Rika Nakayaman<\/strong> ohjaamassa <em>Under A Shooting Contrail <\/em>(2022) -elokuvassa ihmetell\u00e4\u00e4n ymp\u00e4r\u00f6iv\u00e4n luonnon laajuutta ja yll\u00e4tyksellisyytt\u00e4. <em>Trashball <\/em>(ohj. <strong>Ida Lepparu<\/strong>, <strong>Andrei Bljahhin<\/strong>, <strong>Sameliina Paurson<\/strong>, 2022) esitt\u00e4\u00e4 pikku kuoriaisen siivoushetken. Valtavat kaviot yritt\u00e4v\u00e4t laittaa kapuloita rattaisiin, mutta kuoriainen ei anna periksi!<\/p>\n\n\n\n<p><em>Fruits of Clouds<\/em> -elokuvassa (ohj. <strong>Kate\u0159ina Karh\u00e1nkov\u00e1<\/strong>, 2017) seikkailee p\u00f6rr\u00f6inen Furry yst\u00e4vineen. N\u00e4lk\u00e4 on kova, mutta pelko est\u00e4\u00e4 heit\u00e4 etsim\u00e4st\u00e4 ruokaa kotia kauempaa. Furryn uteliaisuus voittaa lopulta pelon. Lis\u00e4ksi luvassa on saippuakuplia, joulukuusi ja odottamattomia k\u00e4\u00e4nteit\u00e4, kun <strong>Seungbae Jeonin<\/strong> ohjaama <em>BATTERY MOMMY<\/em> (2023) valtaa n\u00e4yt\u00f6n.\u00a0<\/p>\n\n\n\n<figure class=\"wp-block-image size-full is-resized\"><img fetchpriority=\"high\" decoding=\"async\" width=\"1080\" height=\"1080\" src=\"https:\/\/taff.fi\/2021\/wp-content\/uploads\/1.png\" alt=\"\" class=\"wp-image-6599\" style=\"width:610px;height:auto\" srcset=\"https:\/\/taff.fi\/2021\/wp-content\/uploads\/1.png 1080w, https:\/\/taff.fi\/2021\/wp-content\/uploads\/1-540x540.png 540w, https:\/\/taff.fi\/2021\/wp-content\/uploads\/1-768x768.png 768w, https:\/\/taff.fi\/2021\/wp-content\/uploads\/1-450x450.png 450w, https:\/\/taff.fi\/2021\/wp-content\/uploads\/1-600x600.png 600w, https:\/\/taff.fi\/2021\/wp-content\/uploads\/1-100x100.png 100w\" sizes=\"(max-width: 1080px) 100vw, 1080px\" \/><\/figure>\n\n\n\n<p><strong>Taffeli-ty\u00f6pajassa<\/strong> osallistujat p\u00e4\u00e4sev\u00e4t itse animoimaan ja kokeilemaan tarinankerrontaa liikkuvan kuvan keinoin. Kaksi tuntia kest\u00e4v\u00e4 ty\u00f6paja on ik\u00e4rajaton ja suomenkielinen, ja siihen sis\u00e4ltyy tarvittavat materiaalit. Ty\u00f6pajan vet\u00e4\u00e4 <strong>Loes van Dorp<\/strong>, joka puhuu lis\u00e4ksi englanta ja hollantia.<\/p>\n\n\n\n<p>Emme m\u00e4\u00e4rittele ik\u00e4rajoja, mutta paja sopii parhaiten 5-6-vuotiaista yl\u00f6sp\u00e4in. Animointi vaatii jonkin verran keskittymist\u00e4 ja ennakkosuunnittelutaitoja. Ohjaajamme on kokenut lasten ty\u00f6pajojen ohjaaja, ja mit\u00e4\u00e4n ennakkokokemusta animoinnista ei tarvita osallistujilta.<\/p>\n","protected":false},"excerpt":{"rendered":"<p>Taffeli-n\u00e4yt\u00f6s ja -ty\u00f6paja TAFF j\u00e4rjest\u00e4\u00e4 t\u00e4n\u00e4 vuonna enn\u00e4tysm\u00e4\u00e4r\u00e4n maksuttomia pop-up-tapahtumia ymp\u00e4ri kaupunkia! Taffeli-n\u00e4yt\u00f6s sis\u00e4lt\u00e4\u00e4 nelj\u00e4 kansainv\u00e4list\u00e4 elokuvaa animaatiotaiteen huipulta. Noin puoli tuntia kest\u00e4v\u00e4 n\u00e4yt\u00f6s sopii [&hellip;]<\/p>\n","protected":false},"author":8,"featured_media":0,"parent":0,"menu_order":0,"comment_status":"closed","ping_status":"closed","template":"","meta":{"_acf_changed":false,"footnotes":""},"class_list":["post-6607","page","type-page","status-publish","hentry"],"acf":[],"_links":{"self":[{"href":"https:\/\/taff.fi\/fi\/wp-json\/wp\/v2\/pages\/6607","targetHints":{"allow":["GET"]}}],"collection":[{"href":"https:\/\/taff.fi\/fi\/wp-json\/wp\/v2\/pages"}],"about":[{"href":"https:\/\/taff.fi\/fi\/wp-json\/wp\/v2\/types\/page"}],"author":[{"embeddable":true,"href":"https:\/\/taff.fi\/fi\/wp-json\/wp\/v2\/users\/8"}],"replies":[{"embeddable":true,"href":"https:\/\/taff.fi\/fi\/wp-json\/wp\/v2\/comments?post=6607"}],"version-history":[{"count":3,"href":"https:\/\/taff.fi\/fi\/wp-json\/wp\/v2\/pages\/6607\/revisions"}],"predecessor-version":[{"id":6610,"href":"https:\/\/taff.fi\/fi\/wp-json\/wp\/v2\/pages\/6607\/revisions\/6610"}],"wp:attachment":[{"href":"https:\/\/taff.fi\/fi\/wp-json\/wp\/v2\/media?parent=6607"}],"curies":[{"name":"wp","href":"https:\/\/api.w.org\/{rel}","templated":true}]}}