{"id":6780,"date":"2024-08-19T12:49:24","date_gmt":"2024-08-19T09:49:24","guid":{"rendered":"https:\/\/taff.fi\/?page_id=6780"},"modified":"2024-08-19T12:51:08","modified_gmt":"2024-08-19T09:51:08","slug":"behind-the-scenes","status":"publish","type":"page","link":"https:\/\/taff.fi\/fi\/behind-the-scenes\/","title":{"rendered":"Behind the Scenes"},"content":{"rendered":"\n<h2 class=\"wp-block-heading\">Turun taideakatemian animaatio-opiskelijoiden Behind the Scenes -n\u00e4yttely<\/h2>\n\n\n\n<p>T\u00e4n\u00e4 vuonna Turun Taideakatemialla on ilo tehd\u00e4 yhteisty\u00f6t\u00e4 yhdeks\u00e4nnen TAFFin kanssa. Me Taideakatemian animaatio-opiskelijat olemme laatineet Manillan Viinatehtaalle Behind the Scenes-teemaisen n\u00e4yttelyn. N\u00e4yttelyn tarkoitus on heijastella, millaista animaation opiskelu on Turun Taideakatemiassa t\u00e4n\u00e4 p\u00e4iv\u00e4n\u00e4. Esill\u00e4 on kuusitoista valmista sek\u00e4 vaiheessa olevaa teosta.<\/p>\n\n\n\n<figure class=\"wp-block-image size-full is-resized\"><img fetchpriority=\"high\" decoding=\"async\" width=\"1748\" height=\"978\" src=\"https:\/\/taff.fi\/2021\/wp-content\/uploads\/Ada_Vuorinen.png\" alt=\"Yellow boat on blue rainy background\" class=\"wp-image-6768\" style=\"width:610px;height:auto\" srcset=\"https:\/\/taff.fi\/2021\/wp-content\/uploads\/Ada_Vuorinen.png 1748w, https:\/\/taff.fi\/2021\/wp-content\/uploads\/Ada_Vuorinen-960x537.png 960w, https:\/\/taff.fi\/2021\/wp-content\/uploads\/Ada_Vuorinen-768x430.png 768w, https:\/\/taff.fi\/2021\/wp-content\/uploads\/Ada_Vuorinen-1536x859.png 1536w, https:\/\/taff.fi\/2021\/wp-content\/uploads\/Ada_Vuorinen-1200x671.png 1200w, https:\/\/taff.fi\/2021\/wp-content\/uploads\/Ada_Vuorinen-600x336.png 600w\" sizes=\"(max-width: 1748px) 100vw, 1748px\" \/><figcaption class=\"wp-element-caption\"><em>Tekij\u00e4: Ada Vuorinen<\/em><\/figcaption><\/figure>\n\n\n\n<p>Taideakatemiassa kuulee opettajien usein muistuttavan, ett\u00e4 koulu on parasta aikaa tutkia ja tehd\u00e4 virheit\u00e4. N\u00e4yttelyss\u00e4 onkin esill\u00e4 lukuisia tekniikoita. L\u00f6ytyy niin perinteist\u00e4 kuin digitaalista piirrosanimaatiota, stop-motionin avulla eloon her\u00e4\u00e4vi\u00e4 nukkeja, 3D-kokeiluja sek\u00e4 automataa.<\/p>\n\n\n\n<p>My\u00f6s animaation rajoja koetellaan: Mit\u00e4 kaikkea animaatio voikaan olla? T\u00e4ss\u00e4 n\u00e4yttelyss\u00e4 saatat n\u00e4hd\u00e4 animaatiota sovellettavan tavoin, joihin et ole ennen t\u00f6rm\u00e4nnytk\u00e4\u00e4n. Kuntopy\u00f6r\u00e4ll\u00e4kin voi tehd\u00e4 animaatiota!<\/p>\n\n\n\n<figure class=\"wp-block-image size-full is-resized\"><img decoding=\"async\" width=\"1152\" height=\"2048\" src=\"https:\/\/taff.fi\/2021\/wp-content\/uploads\/Heikki_Saikkonen2.jpeg\" alt=\"Hymi\u00f6 flippipaperilla\" class=\"wp-image-6773\" style=\"width:400px\" srcset=\"https:\/\/taff.fi\/2021\/wp-content\/uploads\/Heikki_Saikkonen2.jpeg 1152w, https:\/\/taff.fi\/2021\/wp-content\/uploads\/Heikki_Saikkonen2-608x1080.jpeg 608w, https:\/\/taff.fi\/2021\/wp-content\/uploads\/Heikki_Saikkonen2-304x540.jpeg 304w, https:\/\/taff.fi\/2021\/wp-content\/uploads\/Heikki_Saikkonen2-768x1365.jpeg 768w, https:\/\/taff.fi\/2021\/wp-content\/uploads\/Heikki_Saikkonen2-864x1536.jpeg 864w, https:\/\/taff.fi\/2021\/wp-content\/uploads\/Heikki_Saikkonen2-600x1067.jpeg 600w\" sizes=\"(max-width: 1152px) 100vw, 1152px\" \/><figcaption class=\"wp-element-caption\"><em>Tekij\u00e4: Heikki Saikkonen<\/em><\/figcaption><\/figure>\n\n\n\n<p>T\u00e4m\u00e4n vuoden TAFFin teeman mukaisesti esille p\u00e4\u00e4see my\u00f6s opiskelijan ja animaation t\u00e4rke\u00e4 apulainen: teksti. Teksti on olennainen osa ideointia, oppimista ja teoksen ty\u00f6st\u00e4mist\u00e4. Monet elokuvat j\u00e4isiv\u00e4t syntym\u00e4tt\u00e4 ilman k\u00e4sikirjoitusta. Joskus teksti itsess\u00e4\u00e4n on animaation p\u00e4\u00e4henkil\u00f6.<\/p>\n\n\n\n<p>Harva animaatio syntyy ilman yhteisty\u00f6t\u00e4 ja monialaista osaamista. Olemme innoissamme siit\u00e4, ett\u00e4 meill\u00e4 on TAFFin kaltaisia tilaisuuksia kokoontua yhteen ja tutustua toisiimme ja teoksiimme animaatiota juhlistaen.<\/p>\n\n\n\n<figure class=\"wp-block-image size-full\"><img decoding=\"async\" width=\"1920\" height=\"1080\" src=\"https:\/\/taff.fi\/2021\/wp-content\/uploads\/Juulia_Niiranen3.png\" alt=\"K\u00e4si pimeydess\u00e4\" class=\"wp-image-6775\" srcset=\"https:\/\/taff.fi\/2021\/wp-content\/uploads\/Juulia_Niiranen3.png 1920w, https:\/\/taff.fi\/2021\/wp-content\/uploads\/Juulia_Niiranen3-960x540.png 960w, https:\/\/taff.fi\/2021\/wp-content\/uploads\/Juulia_Niiranen3-768x432.png 768w, https:\/\/taff.fi\/2021\/wp-content\/uploads\/Juulia_Niiranen3-1536x864.png 1536w, https:\/\/taff.fi\/2021\/wp-content\/uploads\/Juulia_Niiranen3-1200x675.png 1200w, https:\/\/taff.fi\/2021\/wp-content\/uploads\/Juulia_Niiranen3-600x338.png 600w\" sizes=\"(max-width: 1920px) 100vw, 1920px\" \/><figcaption class=\"wp-element-caption\"><em>Tekij\u00e4: Juulia Niiranen<\/em><\/figcaption><\/figure>\n\n\n\n<p>Kuten taideteos, opiskelijan el\u00e4m\u00e4 on alati kehittyv\u00e4\u00e4. Toivomme, ett\u00e4 viihdytte n\u00e4yttelyn parissa, ja ett\u00e4 se tarjoaa mielenkiintoisen katsauksen siihen, mit\u00e4 kaikkea animaation opiskelu voi olla.<\/p>\n\n\n\n<p><strong>N\u00e4yttelyn animaattorit:<\/strong><\/p>\n\n\n\n<p>Mikko Aumala, Kuu Kaartinen, Ada Vuorinen, Matti Luukko, Markus Lehtokumpu, Michal Tomala, Aleksi M\u00e4kel\u00e4, Juulia Niiranen, Anna Oikarinen, Sonja Rajam\u00e4ki, Karoliina Rajam\u00e4ki, Anna Rohesalu, Jenni Koljonen, Heikki Saikkonen, Aatos Salkosalo, Jonna Sorola, Sini Hietalahti, Inka Kiikeri, Pia Alm, Ville Lappalainen, Viivi Tarvainen, Roope Sorvo, Jesse Tapiovaara<\/p>\n\n\n\n<p><strong>Behind the Scenes on esill\u00e4 21.\u201324.8. Vanhalla viinatehtaalla, Manillan kulttuuritehtaalla (It\u00e4inen Rantakatu 64).<\/strong> N\u00e4yttely on kaikille avoin ja maksuton. Tule tutustumaan seuraavina ajankohtina:<\/p>\n\n\n\n<p>ke 21.8. klo 16\u201320<br>to 22.8. klo 10\u201316<br>pe 23.8. klo 10\u201322<br>la 24.8. klo 10\u201319<\/p>\n","protected":false},"excerpt":{"rendered":"<p>Turun taideakatemian animaatio-opiskelijoiden Behind the Scenes -n\u00e4yttely T\u00e4n\u00e4 vuonna Turun Taideakatemialla on ilo tehd\u00e4 yhteisty\u00f6t\u00e4 yhdeks\u00e4nnen TAFFin kanssa. Me Taideakatemian animaatio-opiskelijat olemme laatineet Manillan Viinatehtaalle [&hellip;]<\/p>\n","protected":false},"author":8,"featured_media":6784,"parent":0,"menu_order":0,"comment_status":"closed","ping_status":"closed","template":"","meta":{"_acf_changed":false,"footnotes":""},"class_list":["post-6780","page","type-page","status-publish","has-post-thumbnail","hentry"],"acf":[],"_links":{"self":[{"href":"https:\/\/taff.fi\/fi\/wp-json\/wp\/v2\/pages\/6780","targetHints":{"allow":["GET"]}}],"collection":[{"href":"https:\/\/taff.fi\/fi\/wp-json\/wp\/v2\/pages"}],"about":[{"href":"https:\/\/taff.fi\/fi\/wp-json\/wp\/v2\/types\/page"}],"author":[{"embeddable":true,"href":"https:\/\/taff.fi\/fi\/wp-json\/wp\/v2\/users\/8"}],"replies":[{"embeddable":true,"href":"https:\/\/taff.fi\/fi\/wp-json\/wp\/v2\/comments?post=6780"}],"version-history":[{"count":1,"href":"https:\/\/taff.fi\/fi\/wp-json\/wp\/v2\/pages\/6780\/revisions"}],"predecessor-version":[{"id":6782,"href":"https:\/\/taff.fi\/fi\/wp-json\/wp\/v2\/pages\/6780\/revisions\/6782"}],"wp:featuredmedia":[{"embeddable":true,"href":"https:\/\/taff.fi\/fi\/wp-json\/wp\/v2\/media\/6784"}],"wp:attachment":[{"href":"https:\/\/taff.fi\/fi\/wp-json\/wp\/v2\/media?parent=6780"}],"curies":[{"name":"wp","href":"https:\/\/api.w.org\/{rel}","templated":true}]}}