{"id":8266,"date":"2025-07-21T11:41:16","date_gmt":"2025-07-21T08:41:16","guid":{"rendered":"https:\/\/taff.fi\/?post_type=product&#038;p=8266"},"modified":"2025-08-21T16:48:33","modified_gmt":"2025-08-21T13:48:33","slug":"thu-21-8-1700-international-panorama-viinatehdas","status":"publish","type":"product","link":"https:\/\/taff.fi\/fi\/buy\/thu-21-8-1700-international-panorama-viinatehdas\/","title":{"rendered":"Thu 21.8. 17:00 &#8211; International Panorama, Viinatehdas"},"content":{"rendered":"<p>Panorama selection of International films. Not part of the competitions!<\/p>\n<p>Panorama-valikoima kansainv\u00e4lisi\u00e4 filmej\u00e4. Ei osa kilpasarjoja!<\/p>\n","protected":false},"excerpt":{"rendered":"<p>Panorama<\/p>\n","protected":false},"featured_media":8255,"template":"","meta":{"_acf_changed":false},"product_brand":[],"product_cat":[53,73],"product_tag":[76],"class_list":{"0":"post-8266","1":"product","2":"type-product","3":"status-publish","4":"has-post-thumbnail","6":"product_cat-panorama","7":"product_cat-taff-25","8":"product_tag-taff-2025","10":"first","11":"instock","12":"virtual","13":"taxable","14":"purchasable","15":"product-type-simple"},"acf":[],"_links":{"self":[{"href":"https:\/\/taff.fi\/fi\/wp-json\/wp\/v2\/product\/8266","targetHints":{"allow":["GET"]}}],"collection":[{"href":"https:\/\/taff.fi\/fi\/wp-json\/wp\/v2\/product"}],"about":[{"href":"https:\/\/taff.fi\/fi\/wp-json\/wp\/v2\/types\/product"}],"wp:featuredmedia":[{"embeddable":true,"href":"https:\/\/taff.fi\/fi\/wp-json\/wp\/v2\/media\/8255"}],"wp:attachment":[{"href":"https:\/\/taff.fi\/fi\/wp-json\/wp\/v2\/media?parent=8266"}],"wp:term":[{"taxonomy":"product_brand","embeddable":true,"href":"https:\/\/taff.fi\/fi\/wp-json\/wp\/v2\/product_brand?post=8266"},{"taxonomy":"product_cat","embeddable":true,"href":"https:\/\/taff.fi\/fi\/wp-json\/wp\/v2\/product_cat?post=8266"},{"taxonomy":"product_tag","embeddable":true,"href":"https:\/\/taff.fi\/fi\/wp-json\/wp\/v2\/product_tag?post=8266"}],"curies":[{"name":"wp","href":"https:\/\/api.w.org\/{rel}","templated":true}]}}