{"id":8274,"date":"2025-07-21T11:41:16","date_gmt":"2025-07-21T08:41:16","guid":{"rendered":"https:\/\/taff.fi\/?post_type=product&#038;p=8274"},"modified":"2025-08-22T16:48:56","modified_gmt":"2025-08-22T13:48:56","slug":"fri-22-8-1700-classics-now-viinatehdas","status":"publish","type":"product","link":"https:\/\/taff.fi\/fi\/buy\/fri-22-8-1700-classics-now-viinatehdas\/","title":{"rendered":"Fri 22.8. 17:00 &#8211; Classics Now, Viinatehdas"},"content":{"rendered":"<p>In honour of TAFF Pro 2025 topic; Visual arts, we are showing a presenting a selection of animated projects that combine the worlds of Animation and Visual arts!<\/p>\n<p>TAFF Pro 2025 Kuvataide -aiheen kunniaksi esit\u00e4mme valikoiman animaatioprojekteja jotka h\u00e4m\u00e4rt\u00e4v\u00e4t animaation ja kuvataiteen rajoja!<\/p>\n","protected":false},"excerpt":{"rendered":"<p>Special Screening<\/p>\n","protected":false},"featured_media":8255,"template":"","meta":{"_acf_changed":false},"product_brand":[],"product_cat":[73,56],"product_tag":[76],"class_list":{"0":"post-8274","1":"product","2":"type-product","3":"status-publish","4":"has-post-thumbnail","6":"product_cat-taff-25","7":"product_cat-taff-pro","8":"product_tag-taff-2025","10":"first","11":"instock","12":"virtual","13":"taxable","14":"purchasable","15":"product-type-simple"},"acf":[],"_links":{"self":[{"href":"https:\/\/taff.fi\/fi\/wp-json\/wp\/v2\/product\/8274","targetHints":{"allow":["GET"]}}],"collection":[{"href":"https:\/\/taff.fi\/fi\/wp-json\/wp\/v2\/product"}],"about":[{"href":"https:\/\/taff.fi\/fi\/wp-json\/wp\/v2\/types\/product"}],"wp:featuredmedia":[{"embeddable":true,"href":"https:\/\/taff.fi\/fi\/wp-json\/wp\/v2\/media\/8255"}],"wp:attachment":[{"href":"https:\/\/taff.fi\/fi\/wp-json\/wp\/v2\/media?parent=8274"}],"wp:term":[{"taxonomy":"product_brand","embeddable":true,"href":"https:\/\/taff.fi\/fi\/wp-json\/wp\/v2\/product_brand?post=8274"},{"taxonomy":"product_cat","embeddable":true,"href":"https:\/\/taff.fi\/fi\/wp-json\/wp\/v2\/product_cat?post=8274"},{"taxonomy":"product_tag","embeddable":true,"href":"https:\/\/taff.fi\/fi\/wp-json\/wp\/v2\/product_tag?post=8274"}],"curies":[{"name":"wp","href":"https:\/\/api.w.org\/{rel}","templated":true}]}}