{"id":8301,"date":"2025-07-21T11:40:55","date_gmt":"2025-07-21T08:40:55","guid":{"rendered":"https:\/\/taff.fi\/?post_type=product&#038;p=8301"},"modified":"2025-08-23T14:59:38","modified_gmt":"2025-08-23T11:59:38","slug":"sat-23-8-1500-dread-of-happiness-viinatehdas","status":"publish","type":"product","link":"https:\/\/taff.fi\/fi\/buy\/sat-23-8-1500-dread-of-happiness-viinatehdas\/","title":{"rendered":"Sat 23.8. 15:00 &#8211; Dread of Happiness, Viinatehdas"},"content":{"rendered":"<p>Selection of international competition films, which are competing for TAFF 2025 awards!<\/p>\n<p>Valikoima kansainv\u00e4lisi\u00e4 kilpailufilmej\u00e4, jotka ovat mukana TAFF 2025 kilpasarjoissa!<\/p>\n","protected":false},"excerpt":{"rendered":"<p>International Competition 4<\/p>\n","protected":false},"featured_media":8258,"template":"","meta":{"_acf_changed":false},"product_brand":[],"product_cat":[54,73],"product_tag":[76],"class_list":{"0":"post-8301","1":"product","2":"type-product","3":"status-publish","4":"has-post-thumbnail","6":"product_cat-international-competition","7":"product_cat-taff-25","8":"product_tag-taff-2025","10":"first","11":"instock","12":"virtual","13":"taxable","14":"purchasable","15":"product-type-simple"},"acf":[],"_links":{"self":[{"href":"https:\/\/taff.fi\/fi\/wp-json\/wp\/v2\/product\/8301","targetHints":{"allow":["GET"]}}],"collection":[{"href":"https:\/\/taff.fi\/fi\/wp-json\/wp\/v2\/product"}],"about":[{"href":"https:\/\/taff.fi\/fi\/wp-json\/wp\/v2\/types\/product"}],"wp:featuredmedia":[{"embeddable":true,"href":"https:\/\/taff.fi\/fi\/wp-json\/wp\/v2\/media\/8258"}],"wp:attachment":[{"href":"https:\/\/taff.fi\/fi\/wp-json\/wp\/v2\/media?parent=8301"}],"wp:term":[{"taxonomy":"product_brand","embeddable":true,"href":"https:\/\/taff.fi\/fi\/wp-json\/wp\/v2\/product_brand?post=8301"},{"taxonomy":"product_cat","embeddable":true,"href":"https:\/\/taff.fi\/fi\/wp-json\/wp\/v2\/product_cat?post=8301"},{"taxonomy":"product_tag","embeddable":true,"href":"https:\/\/taff.fi\/fi\/wp-json\/wp\/v2\/product_tag?post=8301"}],"curies":[{"name":"wp","href":"https:\/\/api.w.org\/{rel}","templated":true}]}}