{"id":8302,"date":"2025-07-21T11:40:55","date_gmt":"2025-07-21T08:40:55","guid":{"rendered":"https:\/\/taff.fi\/?post_type=product&#038;p=8302"},"modified":"2025-08-23T17:07:42","modified_gmt":"2025-08-23T14:07:42","slug":"sat-23-8-1700-palestine-animated-viinatehdas","status":"publish","type":"product","link":"https:\/\/taff.fi\/fi\/buy\/sat-23-8-1700-palestine-animated-viinatehdas\/","title":{"rendered":"Sat 23.8. 17:00 &#8211; Palestine Animated, Viinatehdas"},"content":{"rendered":"<p>Showcase of animation projects from Palestine. All profits from this screening are donated for Palestine!<\/p>\n<p>Kokoelma Palestiinalaisia animaatioprojekteja. Kaikki tuotot t\u00e4st\u00e4 n\u00e4yt\u00f6ksest\u00e4 lahjoitetaan Palestiinan hyv\u00e4ksi!<\/p>\n","protected":false},"excerpt":{"rendered":"<p>Special Screening<\/p>\n","protected":false},"featured_media":8255,"template":"","meta":{"_acf_changed":false},"product_brand":[],"product_cat":[54,73],"product_tag":[76],"class_list":{"0":"post-8302","1":"product","2":"type-product","3":"status-publish","4":"has-post-thumbnail","6":"product_cat-international-competition","7":"product_cat-taff-25","8":"product_tag-taff-2025","10":"first","11":"instock","12":"virtual","13":"taxable","14":"purchasable","15":"product-type-simple"},"acf":[],"_links":{"self":[{"href":"https:\/\/taff.fi\/fi\/wp-json\/wp\/v2\/product\/8302","targetHints":{"allow":["GET"]}}],"collection":[{"href":"https:\/\/taff.fi\/fi\/wp-json\/wp\/v2\/product"}],"about":[{"href":"https:\/\/taff.fi\/fi\/wp-json\/wp\/v2\/types\/product"}],"wp:featuredmedia":[{"embeddable":true,"href":"https:\/\/taff.fi\/fi\/wp-json\/wp\/v2\/media\/8255"}],"wp:attachment":[{"href":"https:\/\/taff.fi\/fi\/wp-json\/wp\/v2\/media?parent=8302"}],"wp:term":[{"taxonomy":"product_brand","embeddable":true,"href":"https:\/\/taff.fi\/fi\/wp-json\/wp\/v2\/product_brand?post=8302"},{"taxonomy":"product_cat","embeddable":true,"href":"https:\/\/taff.fi\/fi\/wp-json\/wp\/v2\/product_cat?post=8302"},{"taxonomy":"product_tag","embeddable":true,"href":"https:\/\/taff.fi\/fi\/wp-json\/wp\/v2\/product_tag?post=8302"}],"curies":[{"name":"wp","href":"https:\/\/api.w.org\/{rel}","templated":true}]}}