{"id":8316,"date":"2025-07-21T11:40:55","date_gmt":"2025-07-21T08:40:55","guid":{"rendered":"https:\/\/taff.fi\/?post_type=product&#038;p=8316"},"modified":"2025-08-24T15:10:10","modified_gmt":"2025-08-24T12:10:10","slug":"sun-24-8-1500-the-audience-choice-kino-kilta","status":"publish","type":"product","link":"https:\/\/taff.fi\/fi\/buy\/sun-24-8-1500-the-audience-choice-kino-kilta\/","title":{"rendered":"Sun 24.8. 15:00 &#8211; The Audience Choice, Kino Kilta"},"content":{"rendered":"<p>Showing the most popular films of TAFF 2025, voted by the audiences along the festival!<\/p>\n<p>Kooste TAFF 2025 suosituimmista elokuvista, festivaalik\u00e4vij\u00f6iden \u00e4\u00e4nest\u00e4m\u00e4n\u00e4!<\/p>\n","protected":false},"excerpt":{"rendered":"<p>Best of TAFF 2025<\/p>\n","protected":false},"featured_media":8255,"template":"","meta":{"_acf_changed":false},"product_brand":[],"product_cat":[75,73],"product_tag":[76],"class_list":{"0":"post-8316","1":"product","2":"type-product","3":"status-publish","4":"has-post-thumbnail","6":"product_cat-special","7":"product_cat-taff-25","8":"product_tag-taff-2025","10":"first","11":"instock","12":"virtual","13":"taxable","14":"purchasable","15":"product-type-simple"},"acf":[],"_links":{"self":[{"href":"https:\/\/taff.fi\/fi\/wp-json\/wp\/v2\/product\/8316","targetHints":{"allow":["GET"]}}],"collection":[{"href":"https:\/\/taff.fi\/fi\/wp-json\/wp\/v2\/product"}],"about":[{"href":"https:\/\/taff.fi\/fi\/wp-json\/wp\/v2\/types\/product"}],"wp:featuredmedia":[{"embeddable":true,"href":"https:\/\/taff.fi\/fi\/wp-json\/wp\/v2\/media\/8255"}],"wp:attachment":[{"href":"https:\/\/taff.fi\/fi\/wp-json\/wp\/v2\/media?parent=8316"}],"wp:term":[{"taxonomy":"product_brand","embeddable":true,"href":"https:\/\/taff.fi\/fi\/wp-json\/wp\/v2\/product_brand?post=8316"},{"taxonomy":"product_cat","embeddable":true,"href":"https:\/\/taff.fi\/fi\/wp-json\/wp\/v2\/product_cat?post=8316"},{"taxonomy":"product_tag","embeddable":true,"href":"https:\/\/taff.fi\/fi\/wp-json\/wp\/v2\/product_tag?post=8316"}],"curies":[{"name":"wp","href":"https:\/\/api.w.org\/{rel}","templated":true}]}}