{"id":8322,"date":"2025-07-21T11:40:55","date_gmt":"2025-07-21T08:40:55","guid":{"rendered":"https:\/\/taff.fi\/?post_type=product&#038;p=8322"},"modified":"2025-08-24T17:40:14","modified_gmt":"2025-08-24T14:40:14","slug":"sun-24-8-1700-staff-favourites-kino-kilta","status":"publish","type":"product","link":"https:\/\/taff.fi\/fi\/buy\/sun-24-8-1700-staff-favourites-kino-kilta\/","title":{"rendered":"Sun 24.8. 17:00 &#8211; Staff Favourites, Kino Kilta"},"content":{"rendered":"<p>The favourite films chosen by the people behind the festival!<\/p>\n<p>Festivaalin j\u00e4rjest\u00e4jien omat suosikit t\u00e4m\u00e4n vuoden n\u00e4yt\u00f6ksist\u00e4!<\/p>\n","protected":false},"excerpt":{"rendered":"<p>Best of TAFF 2025<\/p>\n","protected":false},"featured_media":8255,"template":"","meta":{"_acf_changed":false},"product_brand":[],"product_cat":[75,73],"product_tag":[76],"class_list":{"0":"post-8322","1":"product","2":"type-product","3":"status-publish","4":"has-post-thumbnail","6":"product_cat-special","7":"product_cat-taff-25","8":"product_tag-taff-2025","10":"first","11":"instock","12":"virtual","13":"taxable","14":"purchasable","15":"product-type-simple"},"acf":[],"_links":{"self":[{"href":"https:\/\/taff.fi\/fi\/wp-json\/wp\/v2\/product\/8322","targetHints":{"allow":["GET"]}}],"collection":[{"href":"https:\/\/taff.fi\/fi\/wp-json\/wp\/v2\/product"}],"about":[{"href":"https:\/\/taff.fi\/fi\/wp-json\/wp\/v2\/types\/product"}],"wp:featuredmedia":[{"embeddable":true,"href":"https:\/\/taff.fi\/fi\/wp-json\/wp\/v2\/media\/8255"}],"wp:attachment":[{"href":"https:\/\/taff.fi\/fi\/wp-json\/wp\/v2\/media?parent=8322"}],"wp:term":[{"taxonomy":"product_brand","embeddable":true,"href":"https:\/\/taff.fi\/fi\/wp-json\/wp\/v2\/product_brand?post=8322"},{"taxonomy":"product_cat","embeddable":true,"href":"https:\/\/taff.fi\/fi\/wp-json\/wp\/v2\/product_cat?post=8322"},{"taxonomy":"product_tag","embeddable":true,"href":"https:\/\/taff.fi\/fi\/wp-json\/wp\/v2\/product_tag?post=8322"}],"curies":[{"name":"wp","href":"https:\/\/api.w.org\/{rel}","templated":true}]}}