{"id":8500,"date":"2025-07-21T11:40:54","date_gmt":"2025-07-21T08:40:54","guid":{"rendered":"https:\/\/taff.fi\/?post_type=product&#038;p=8500"},"modified":"2025-07-21T11:40:55","modified_gmt":"2025-07-21T08:40:55","slug":"taff-2025-festival-pass","status":"publish","type":"product","link":"https:\/\/taff.fi\/fi\/buy\/taff-2025-festival-pass\/","title":{"rendered":"TAFF 2025 &#8211; Festival Pass"},"content":{"rendered":"<p>Grants access to every screening of the whole festival. Note that the single ticket holders have priority entrance to theatres.<\/p>\n<p>P\u00e4\u00e4sy kaikkiin festivaalin n\u00e4yt\u00f6ksiin. Huomioi ett\u00e4 yksitt\u00e4isen lipun ostaneet p\u00e4\u00e4sev\u00e4t saliin aina ensimm\u00e4isen\u00e4.<\/p>\n","protected":false},"excerpt":{"rendered":"<p>Grants access to every screening of the whole festival. Note that the single ticket holders have priority entrance to theatres. P\u00e4\u00e4sy kaikkiin festivaalin n\u00e4yt\u00f6ksiin. Huomioi [&hellip;]<\/p>\n","protected":false},"featured_media":7615,"template":"","meta":{"_acf_changed":false},"product_brand":[],"product_cat":[73,59],"product_tag":[],"class_list":{"0":"post-8500","1":"product","2":"type-product","3":"status-publish","4":"has-post-thumbnail","6":"product_cat-taff-25","7":"product_cat-taff-pass","9":"first","10":"instock","11":"virtual","12":"taxable","13":"purchasable","14":"product-type-simple"},"acf":[],"_links":{"self":[{"href":"https:\/\/taff.fi\/fi\/wp-json\/wp\/v2\/product\/8500","targetHints":{"allow":["GET"]}}],"collection":[{"href":"https:\/\/taff.fi\/fi\/wp-json\/wp\/v2\/product"}],"about":[{"href":"https:\/\/taff.fi\/fi\/wp-json\/wp\/v2\/types\/product"}],"wp:featuredmedia":[{"embeddable":true,"href":"https:\/\/taff.fi\/fi\/wp-json\/wp\/v2\/media\/7615"}],"wp:attachment":[{"href":"https:\/\/taff.fi\/fi\/wp-json\/wp\/v2\/media?parent=8500"}],"wp:term":[{"taxonomy":"product_brand","embeddable":true,"href":"https:\/\/taff.fi\/fi\/wp-json\/wp\/v2\/product_brand?post=8500"},{"taxonomy":"product_cat","embeddable":true,"href":"https:\/\/taff.fi\/fi\/wp-json\/wp\/v2\/product_cat?post=8500"},{"taxonomy":"product_tag","embeddable":true,"href":"https:\/\/taff.fi\/fi\/wp-json\/wp\/v2\/product_tag?post=8500"}],"curies":[{"name":"wp","href":"https:\/\/api.w.org\/{rel}","templated":true}]}}